
{"id":22214,"date":"2021-05-06T11:30:15","date_gmt":"2021-05-06T09:30:15","guid":{"rendered":"https:\/\/www.spainfoodsherpas.com\/?page_id=22214"},"modified":"2021-05-19T12:05:58","modified_gmt":"2021-05-19T10:05:58","slug":"tours-gastronomiques-a-malaga","status":"publish","type":"page","link":"https:\/\/www.spainfoodsherpas.com\/fr\/tours-gastronomiques-a-malaga\/","title":{"rendered":"Tours Gastronomiques \u00e0 Malaga"},"content":{"rendered":"<p><div class=\"fusion-fullwidth fullwidth-box fusion-builder-row-1 nonhundred-percent-fullwidth non-hundred-percent-height-scrolling\" style=\"--awb-background-position:left top;--awb-background-repeat:repeat;--awb-border-sizes-top:0px;--awb-border-sizes-bottom:0px;--awb-border-sizes-left:0px;--awb-border-sizes-right:0px;--awb-border-color:#957f55;--awb-border-radius-top-left:0px;--awb-border-radius-top-right:0px;--awb-border-radius-bottom-right:0px;--awb-border-radius-bottom-left:0px;--awb-padding-top:20px;--awb-padding-right:5%;--awb-padding-bottom:20px;--awb-padding-left:5%;--awb-flex-wrap:wrap;\" ><div class=\"fusion-builder-row fusion-row\"><div class=\"fusion-layout-column fusion_builder_column fusion-builder-column-0 fusion_builder_column_1_1 1_1 fusion-one-full fusion-column-first fusion-column-last fusion-column-no-min-height\" style=\"--awb-bg-size:cover;--awb-margin-bottom:0px;\"><div class=\"fusion-column-wrapper fusion-flex-column-wrapper-legacy\"><div class=\"fusion-text fusion-text-1\"><h1 style=\"text-align: center;\">TOURS GASTRONOMIQUES \u00c0 MALAGA<\/h1>\n<\/div><div class=\"stars\">\n<div class=\"rating\">\n          <i class=\"fa fa-star\" aria-hidden=\"true\"><\/i>\n          <i class=\"fa fa-star\" aria-hidden=\"true\"><\/i>\n          <i class=\"fa fa-star\" aria-hidden=\"true\"><\/i>\n          <i class=\"fa fa-star\" aria-hidden=\"true\"><\/i>\n          <i class=\"fa fa-star\" aria-hidden=\"true\"><\/i>\n<\/div>\n<span>Class\u00e9 #1 tour sur TripAdvisor!<\/span>\n<\/div><div class=\"fusion-sep-clear\"><\/div><div class=\"fusion-separator fusion-full-width-sep\" style=\"margin-left: auto;margin-right: auto;margin-top:10px;margin-bottom:10px;width:100%;\"><\/div><div class=\"fusion-sep-clear\"><\/div><div class=\"fusion-text fusion-text-2\"><p style=\"text-align: center;\">Pensez-vous \u00e9galement qu&rsquo;\u00e0 travers la nourriture, il est possible de conna\u00eetre r\u00e9ellement et honn\u00eatement les gens, leur destination, leur environnement et leur culture ?<\/p>\n<p style=\"text-align: center;\">Avec Spain Food Sherpas, c&rsquo;est exactement ce que nous recherchons. Avec nous, vous allez d\u00e9couvrir la vieille ville en d\u00e9gustant des sp\u00e9cialit\u00e9s locales, des vins exceptionnels et en apprenant la culture et l&rsquo;histoire de Malaga en passant par <u>les lieux les plus embl\u00e9matiques <\/u>et les ruelles les plus cach\u00e9es. Nous avons soigneusement s\u00e9lectionn\u00e9 les meilleurs plats et itin\u00e9raires pour vous rapprocher de la vraie Malaga, une ville hors des sentiers battus.<\/p>\n<p style=\"text-align: center;\">Lors de nos balades gastronomiques \u00e0 Malaga, vous d\u00e9couvrirez des plats traditionnels \u00e9labor\u00e9s depuis des g\u00e9n\u00e9rations et des g\u00e9n\u00e9rations, ainsi que la cuisine avant-gardiste et innovante de Malaga.\u00a0 Ce sont de v\u00e9ritables tr\u00e9sors que nous explorons en visitant diff\u00e9rents bars \u00e0 tapas, ultramarinos, tavernes et restaurants authentiques et familiaux. Apprendre en savourant. Quel plaisir !<\/p>\n<p style=\"text-align: center;\"><strong>Venez participer \u00e0 nos visites gastronomiques en journ\u00e9e ou en soir\u00e9e et d\u00e9couvrez la vraie Malaga !<\/strong><\/p>\n<\/div><div class=\"fusion-text fusion-text-3\"><div class=\"triangles\">\u25b2\u25b2\u25b2<\/div>\n<\/div><div class=\"fusion-clearfix\"><\/div><\/div><\/div><\/div><\/div><div class=\"fusion-fullwidth fullwidth-box fusion-builder-row-2 nonhundred-percent-fullwidth non-hundred-percent-height-scrolling\" style=\"--awb-background-position:left top;--awb-border-sizes-top:0px;--awb-border-sizes-bottom:0px;--awb-border-sizes-left:0px;--awb-border-sizes-right:0px;--awb-border-color:#aa9c83;--awb-border-radius-top-left:0px;--awb-border-radius-top-right:0px;--awb-border-radius-bottom-right:0px;--awb-border-radius-bottom-left:0px;--awb-padding-top:20px;--awb-padding-bottom:20px;--awb-flex-wrap:wrap;\" ><div class=\"fusion-builder-row fusion-row\"><div class=\"fusion-layout-column fusion_builder_column fusion-builder-column-1 fusion_builder_column_1_1 1_1 fusion-one-full fusion-column-first fusion-column-last fusion-column-no-min-height\" style=\"--awb-bg-size:cover;--awb-margin-bottom:0px;\"><div class=\"fusion-column-wrapper fusion-flex-column-wrapper-legacy\"><div class=\"fusion-text fusion-text-4\"><p><strong>FOOD TOURS IN MALAGA<\/strong><\/p>\n<\/div><div class=\"fusion-sep-clear\"><\/div><div class=\"fusion-separator fusion-full-width-sep\" style=\"margin-left: auto;margin-right: auto;margin-top:10px;margin-bottom:10px;width:100%;\"><\/div><div class=\"fusion-sep-clear\"><\/div><div class=\"fusion-clearfix\"><\/div><\/div><\/div><div class=\"fusion-layout-column fusion_builder_column fusion-builder-column-2 fusion_builder_column_1_1 1_1 fusion-one-full fusion-column-first fusion-column-last fusion-column-no-min-height\" style=\"--awb-overflow:hidden;--awb-bg-size:cover;--awb-box-shadow:0px 10px 26px 0px rgba(0,0,0,0.15);;--awb-border-radius:6px 6px 6px 6px;\"><div class=\"fusion-column-wrapper fusion-column-has-shadow fusion-flex-column-wrapper-legacy\"><div class=\"fusion-builder-row fusion-builder-row-inner fusion-row\"><div class=\"fusion-layout-column fusion_builder_column_inner fusion-builder-nested-column-0 fusion_builder_column_inner_1_3 1_3 fusion-one-third fusion-column-first\" style=\"--awb-bg-size:cover;--awb-margin-bottom:0px;width:33.333333333333%;width:calc(33.333333333333% - ( ( 4% ) * 0.33333333333333 ) );margin-right: 4%;\"><div class=\"fusion-column-wrapper fusion-column-has-shadow fusion-flex-column-wrapper-legacy\"><div class=\"fusion-text fusion-text-5\"><p style=\"margin-bottom: 0px;\"><a href=\"https:\/\/www.spainfoodsherpas.com\/fr\/tour-de-degustation-de-vin-et-de-gastronomie-a-malaga\/\"><img decoding=\"async\" class=\"lazyload aligncenter wp-image-13183 size-full\" src=\"https:\/\/www.spainfoodsherpas.com\/sfs\/wp-content\/uploads\/2015\/07\/wine-tasting-and-food-tour-in-malaga.jpg\" data-orig-src=\"https:\/\/www.spainfoodsherpas.com\/sfs\/wp-content\/uploads\/2015\/07\/wine-tasting-and-food-tour-in-malaga.jpg\" alt=\"TOUR DE D\u00c9GUSTATION DE VIN ET DE GASTRONOMIE\" width=\"400\" height=\"266\" srcset=\"data:image\/svg+xml,%3Csvg%20xmlns%3D%27http%3A%2F%2Fwww.w3.org%2F2000%2Fsvg%27%20width%3D%27400%27%20height%3D%27266%27%20viewBox%3D%270%200%20400%20266%27%3E%3Crect%20width%3D%27400%27%20height%3D%27266%27%20fill-opacity%3D%220%22%2F%3E%3C%2Fsvg%3E\" data-srcset=\"https:\/\/www.spainfoodsherpas.com\/sfs\/wp-content\/uploads\/2015\/07\/wine-tasting-and-food-tour-in-malaga-200x133.jpg 200w, https:\/\/www.spainfoodsherpas.com\/sfs\/wp-content\/uploads\/2015\/07\/wine-tasting-and-food-tour-in-malaga-300x200.jpg 300w, https:\/\/www.spainfoodsherpas.com\/sfs\/wp-content\/uploads\/2015\/07\/wine-tasting-and-food-tour-in-malaga.jpg 400w\" data-sizes=\"auto\" data-orig-sizes=\"(max-width: 400px) 100vw, 400px\" \/><\/a><\/p>\n<\/div><div class=\"fusion-clearfix\"><\/div><\/div><\/div><div class=\"fusion-layout-column fusion_builder_column_inner fusion-builder-nested-column-1 fusion_builder_column_inner_2_3 2_3 fusion-two-third fusion-column-last\" style=\"--awb-bg-size:cover;--awb-margin-top:3%;--awb-margin-bottom:0px;width:66.666666666667%;width:calc(66.666666666667% - ( ( 4% ) * 0.66666666666667 ) );\"><div class=\"fusion-column-wrapper fusion-column-has-shadow fusion-flex-column-wrapper-legacy\"><div class=\"fusion-text fusion-text-6\"><div class=\"card-content\">\n<h2 class=\"title-card\"><a class=\"wt\" href=\"https:\/\/www.spainfoodsherpas.com\/fr\/tour-de-degustation-de-vin-et-de-gastronomie-a-malaga\/\">TOUR DE D\u00c9GUSTATION DE VIN ET DE GASTRONOMIE<\/a><\/h2>\n<div class=\"card-tour-header\">\n<div class=\"tour-calendar\">Mon-Sat. 6:30 pm | 3.5h<\/div>\n<div class=\"duration\"><strong><i class=\"fb-icon-element-1 fb-icon-element fontawesome-icon fa-gem fas circle-no fusion-text-flow\" style=\"--awb-iconcolor:#957F55 ;--awb-font-size:16px;--awb-margin-right:8px;\"><\/i>Visite Priv\u00e9e<\/strong><\/div>\n<\/div>\n<div class=\"card-paragraph\">Une soir\u00e9e en ville pour les gourmands amateurs de vin. D\u00e9couvrez Malaga du point de vue d&rsquo;un initi\u00e9 en grignotant des tapas dans les meilleurs bars et tavernes locaux.<\/div>\n<div class=\"card-footer\">\n<div class=\"card-footer-left\"><span class=\"card-price\">\u00c0 partir de 69\u20ac<\/span><\/div>\n<div class=\"card-footer-right\"><a class=\"wt\" href=\"https:\/\/www.spainfoodsherpas.com\/fr\/tour-de-degustation-de-vin-et-de-gastronomie-a-malaga\/\"><span class=\"card-learn-more \">EN SAVOIR PLUS<\/span><\/a><\/div>\n<\/div>\n<\/div>\n<\/div><div class=\"fusion-clearfix\"><\/div><\/div><\/div><\/div><div class=\"fusion-clearfix\"><\/div><\/div><\/div><div class=\"fusion-layout-column fusion_builder_column fusion-builder-column-3 fusion_builder_column_1_1 1_1 fusion-one-full fusion-column-first fusion-column-last fusion-column-no-min-height\" style=\"--awb-overflow:hidden;--awb-bg-size:cover;--awb-box-shadow:0px 10px 26px 0px rgba(0,0,0,0.15);;--awb-border-radius:6px 6px 6px 6px;\"><div class=\"fusion-column-wrapper fusion-column-has-shadow fusion-flex-column-wrapper-legacy\"><div class=\"fusion-builder-row fusion-builder-row-inner fusion-row\"><div class=\"fusion-layout-column fusion_builder_column_inner fusion-builder-nested-column-2 fusion_builder_column_inner_1_3 1_3 fusion-one-third fusion-column-first\" style=\"--awb-bg-size:cover;--awb-margin-bottom:0px;width:33.333333333333%;width:calc(33.333333333333% - ( ( 4% ) * 0.33333333333333 ) );margin-right: 4%;\"><div class=\"fusion-column-wrapper fusion-column-has-shadow fusion-flex-column-wrapper-legacy\"><div class=\"fusion-text fusion-text-7\"><p style=\"margin-bottom: 0px;\"><a href=\"https:\/\/www.spainfoodsherpas.com\/fr\/le-bon-gout-des-tapas-a-travers-malaga\/\"><img decoding=\"async\" class=\"lazyload aligncenter wp-image-13180 size-full \" src=\"https:\/\/www.spainfoodsherpas.com\/sfs\/wp-content\/uploads\/2015\/07\/Taste-of-Malaga-Tapas-Tour-1.jpg\" data-orig-src=\"https:\/\/www.spainfoodsherpas.com\/sfs\/wp-content\/uploads\/2015\/07\/Taste-of-Malaga-Tapas-Tour-1.jpg\" alt=\"LE BON GO\u00dbT DES TAPAS \u00c0 TRAVERS MALAGA\" width=\"400\" height=\"266\" srcset=\"data:image\/svg+xml,%3Csvg%20xmlns%3D%27http%3A%2F%2Fwww.w3.org%2F2000%2Fsvg%27%20width%3D%27400%27%20height%3D%27266%27%20viewBox%3D%270%200%20400%20266%27%3E%3Crect%20width%3D%27400%27%20height%3D%27266%27%20fill-opacity%3D%220%22%2F%3E%3C%2Fsvg%3E\" data-srcset=\"https:\/\/www.spainfoodsherpas.com\/sfs\/wp-content\/uploads\/2015\/07\/Taste-of-Malaga-Tapas-Tour-1-200x133.jpg 200w, https:\/\/www.spainfoodsherpas.com\/sfs\/wp-content\/uploads\/2015\/07\/Taste-of-Malaga-Tapas-Tour-1-300x200.jpg 300w, https:\/\/www.spainfoodsherpas.com\/sfs\/wp-content\/uploads\/2015\/07\/Taste-of-Malaga-Tapas-Tour-1.jpg 400w\" data-sizes=\"auto\" data-orig-sizes=\"(max-width: 400px) 100vw, 400px\" \/><\/a><\/p>\n<\/div><div class=\"fusion-clearfix\"><\/div><\/div><\/div><div class=\"fusion-layout-column fusion_builder_column_inner fusion-builder-nested-column-3 fusion_builder_column_inner_2_3 2_3 fusion-two-third fusion-column-last\" style=\"--awb-bg-size:cover;--awb-margin-top:3%;--awb-margin-bottom:0px;width:66.666666666667%;width:calc(66.666666666667% - ( ( 4% ) * 0.66666666666667 ) );\"><div class=\"fusion-column-wrapper fusion-column-has-shadow fusion-flex-column-wrapper-legacy\"><div class=\"fusion-text fusion-text-8\"><div class=\"card-content\">\n<h2 class=\"title-card\"><a class=\"wt\" href=\"https:\/\/www.spainfoodsherpas.com\/fr\/le-bon-gout-des-tapas-a-travers-malaga\/\">LE BON GO\u00dbT DES TAPAS \u00c0 TRAVERS MALAGA <\/a><\/h2>\n<div class=\"card-tour-header\">\n<div class=\"tour-calendar\">Mon-Sat. 11:00 am | 3.5h<\/div>\n<div class=\"duration\"><strong><i class=\"fb-icon-element-2 fb-icon-element fontawesome-icon fa-gem fas circle-no fusion-text-flow\" style=\"--awb-iconcolor:#957F55 ;--awb-font-size:16px;--awb-margin-right:8px;\"><\/i>Visite Priv\u00e9e<\/strong><\/div>\n<\/div>\n<div class=\"card-paragraph\">D\u00e9couvrez Malaga \u00e0 la mani\u00e8re des Malague\u00f1os en visitant le march\u00e9 alimentaire anim\u00e9, en d\u00e9gustant du jambon ib\u00e9rique coup\u00e9 \u00e0 la main et en vous laissant tenter par de nombreuses tapas all\u00e9chantes.<\/div>\n<div class=\"card-footer\">\n<div class=\"card-footer-left\"><span class=\"card-price\">\u00c0 partir de 67\u20ac<\/span><\/div>\n<div class=\"card-footer-right\"><a class=\"wt\" href=\"https:\/\/www.spainfoodsherpas.com\/malaga-tapas-tour\/\"><span class=\"card-learn-more\">EN SAVOIR PLUS<\/span><\/a><\/div>\n<\/div>\n<\/div>\n<\/div><div class=\"fusion-clearfix\"><\/div><\/div><\/div><\/div><div class=\"fusion-clearfix\"><\/div><\/div><\/div><\/div><\/div><\/p>\n","protected":false},"excerpt":{"rendered":"","protected":false},"author":2,"featured_media":0,"parent":0,"menu_order":0,"comment_status":"open","ping_status":"open","template":"100-width.php","meta":{"footnotes":""},"class_list":["post-22214","page","type-page","status-publish","hentry"],"yoast_head":"<!-- This site is optimized with the Yoast SEO plugin v27.4 - https:\/\/yoast.com\/product\/yoast-seo-wordpress\/ -->\n<title>Tours Gastronomiques \u00e0 Malaga<\/title>\n<meta name=\"description\" content=\"Venez participer \u00e0 nos visites gastronomiques en journ\u00e9e ou en soir\u00e9e et d\u00e9couvrez la vraie Malaga.\" \/>\n<meta name=\"robots\" content=\"index, follow, max-snippet:-1, max-image-preview:large, max-video-preview:-1\" \/>\n<link rel=\"canonical\" href=\"https:\/\/www.spainfoodsherpas.com\/fr\/tours-gastronomiques-a-malaga\/\" \/>\n<meta property=\"og:locale\" content=\"fr_FR\" \/>\n<meta property=\"og:type\" content=\"article\" \/>\n<meta property=\"og:title\" content=\"Tours Gastronomiques \u00e0 Malaga\" \/>\n<meta property=\"og:description\" content=\"Venez participer \u00e0 nos visites gastronomiques en journ\u00e9e ou en soir\u00e9e et d\u00e9couvrez la vraie Malaga.\" \/>\n<meta property=\"og:url\" content=\"https:\/\/www.spainfoodsherpas.com\/fr\/tours-gastronomiques-a-malaga\/\" \/>\n<meta property=\"og:site_name\" content=\"Spain Food Sherpas\" \/>\n<meta property=\"article:publisher\" content=\"https:\/\/www.facebook.com\/spainfoodsherpas\" \/>\n<meta property=\"article:modified_time\" content=\"2021-05-19T10:05:58+00:00\" \/>\n<meta property=\"og:image\" content=\"https:\/\/www.spainfoodsherpas.com\/sfs\/wp-content\/uploads\/2015\/07\/wine-tasting-and-food-tour-in-malaga.jpg\" \/>\n<meta name=\"twitter:card\" content=\"summary_large_image\" \/>\n<meta name=\"twitter:label1\" content=\"Dur\u00e9e de lecture estim\u00e9e\" \/>\n\t<meta name=\"twitter:data1\" content=\"6 minutes\" \/>\n<script type=\"application\/ld+json\" class=\"yoast-schema-graph\">{\"@context\":\"https:\\\/\\\/schema.org\",\"@graph\":[{\"@type\":\"WebPage\",\"@id\":\"https:\\\/\\\/www.spainfoodsherpas.com\\\/fr\\\/tours-gastronomiques-a-malaga\\\/\",\"url\":\"https:\\\/\\\/www.spainfoodsherpas.com\\\/fr\\\/tours-gastronomiques-a-malaga\\\/\",\"name\":\"Tours Gastronomiques \u00e0 Malaga\",\"isPartOf\":{\"@id\":\"https:\\\/\\\/www.spainfoodsherpas.com\\\/#website\"},\"primaryImageOfPage\":{\"@id\":\"https:\\\/\\\/www.spainfoodsherpas.com\\\/fr\\\/tours-gastronomiques-a-malaga\\\/#primaryimage\"},\"image\":{\"@id\":\"https:\\\/\\\/www.spainfoodsherpas.com\\\/fr\\\/tours-gastronomiques-a-malaga\\\/#primaryimage\"},\"thumbnailUrl\":\"https:\\\/\\\/www.spainfoodsherpas.com\\\/sfs\\\/wp-content\\\/uploads\\\/2015\\\/07\\\/wine-tasting-and-food-tour-in-malaga.jpg\",\"datePublished\":\"2021-05-06T09:30:15+00:00\",\"dateModified\":\"2021-05-19T10:05:58+00:00\",\"description\":\"Venez participer \u00e0 nos visites gastronomiques en journ\u00e9e ou en soir\u00e9e et d\u00e9couvrez la vraie Malaga.\",\"breadcrumb\":{\"@id\":\"https:\\\/\\\/www.spainfoodsherpas.com\\\/fr\\\/tours-gastronomiques-a-malaga\\\/#breadcrumb\"},\"inLanguage\":\"fr-FR\",\"potentialAction\":[{\"@type\":\"ReadAction\",\"target\":[\"https:\\\/\\\/www.spainfoodsherpas.com\\\/fr\\\/tours-gastronomiques-a-malaga\\\/\"]}]},{\"@type\":\"ImageObject\",\"inLanguage\":\"fr-FR\",\"@id\":\"https:\\\/\\\/www.spainfoodsherpas.com\\\/fr\\\/tours-gastronomiques-a-malaga\\\/#primaryimage\",\"url\":\"https:\\\/\\\/www.spainfoodsherpas.com\\\/sfs\\\/wp-content\\\/uploads\\\/2015\\\/07\\\/wine-tasting-and-food-tour-in-malaga.jpg\",\"contentUrl\":\"https:\\\/\\\/www.spainfoodsherpas.com\\\/sfs\\\/wp-content\\\/uploads\\\/2015\\\/07\\\/wine-tasting-and-food-tour-in-malaga.jpg\"},{\"@type\":\"BreadcrumbList\",\"@id\":\"https:\\\/\\\/www.spainfoodsherpas.com\\\/fr\\\/tours-gastronomiques-a-malaga\\\/#breadcrumb\",\"itemListElement\":[{\"@type\":\"ListItem\",\"position\":1,\"name\":\"Home\",\"item\":\"https:\\\/\\\/www.spainfoodsherpas.com\\\/fr\\\/\"},{\"@type\":\"ListItem\",\"position\":2,\"name\":\"Tours Gastronomiques \u00e0 Malaga\"}]},{\"@type\":\"WebSite\",\"@id\":\"https:\\\/\\\/www.spainfoodsherpas.com\\\/#website\",\"url\":\"https:\\\/\\\/www.spainfoodsherpas.com\\\/\",\"name\":\"Spain Food Sherpas\",\"description\":\"Food Travel Experiences\",\"potentialAction\":[{\"@type\":\"SearchAction\",\"target\":{\"@type\":\"EntryPoint\",\"urlTemplate\":\"https:\\\/\\\/www.spainfoodsherpas.com\\\/?s={search_term_string}\"},\"query-input\":{\"@type\":\"PropertyValueSpecification\",\"valueRequired\":true,\"valueName\":\"search_term_string\"}}],\"inLanguage\":\"fr-FR\"}]}<\/script>\n<!-- \/ Yoast SEO plugin. -->","yoast_head_json":{"title":"Tours Gastronomiques \u00e0 Malaga","description":"Venez participer \u00e0 nos visites gastronomiques en journ\u00e9e ou en soir\u00e9e et d\u00e9couvrez la vraie Malaga.","robots":{"index":"index","follow":"follow","max-snippet":"max-snippet:-1","max-image-preview":"max-image-preview:large","max-video-preview":"max-video-preview:-1"},"canonical":"https:\/\/www.spainfoodsherpas.com\/fr\/tours-gastronomiques-a-malaga\/","og_locale":"fr_FR","og_type":"article","og_title":"Tours Gastronomiques \u00e0 Malaga","og_description":"Venez participer \u00e0 nos visites gastronomiques en journ\u00e9e ou en soir\u00e9e et d\u00e9couvrez la vraie Malaga.","og_url":"https:\/\/www.spainfoodsherpas.com\/fr\/tours-gastronomiques-a-malaga\/","og_site_name":"Spain Food Sherpas","article_publisher":"https:\/\/www.facebook.com\/spainfoodsherpas","article_modified_time":"2021-05-19T10:05:58+00:00","og_image":[{"url":"https:\/\/www.spainfoodsherpas.com\/sfs\/wp-content\/uploads\/2015\/07\/wine-tasting-and-food-tour-in-malaga.jpg","type":"","width":"","height":""}],"twitter_card":"summary_large_image","twitter_misc":{"Dur\u00e9e de lecture estim\u00e9e":"6 minutes"},"schema":{"@context":"https:\/\/schema.org","@graph":[{"@type":"WebPage","@id":"https:\/\/www.spainfoodsherpas.com\/fr\/tours-gastronomiques-a-malaga\/","url":"https:\/\/www.spainfoodsherpas.com\/fr\/tours-gastronomiques-a-malaga\/","name":"Tours Gastronomiques \u00e0 Malaga","isPartOf":{"@id":"https:\/\/www.spainfoodsherpas.com\/#website"},"primaryImageOfPage":{"@id":"https:\/\/www.spainfoodsherpas.com\/fr\/tours-gastronomiques-a-malaga\/#primaryimage"},"image":{"@id":"https:\/\/www.spainfoodsherpas.com\/fr\/tours-gastronomiques-a-malaga\/#primaryimage"},"thumbnailUrl":"https:\/\/www.spainfoodsherpas.com\/sfs\/wp-content\/uploads\/2015\/07\/wine-tasting-and-food-tour-in-malaga.jpg","datePublished":"2021-05-06T09:30:15+00:00","dateModified":"2021-05-19T10:05:58+00:00","description":"Venez participer \u00e0 nos visites gastronomiques en journ\u00e9e ou en soir\u00e9e et d\u00e9couvrez la vraie Malaga.","breadcrumb":{"@id":"https:\/\/www.spainfoodsherpas.com\/fr\/tours-gastronomiques-a-malaga\/#breadcrumb"},"inLanguage":"fr-FR","potentialAction":[{"@type":"ReadAction","target":["https:\/\/www.spainfoodsherpas.com\/fr\/tours-gastronomiques-a-malaga\/"]}]},{"@type":"ImageObject","inLanguage":"fr-FR","@id":"https:\/\/www.spainfoodsherpas.com\/fr\/tours-gastronomiques-a-malaga\/#primaryimage","url":"https:\/\/www.spainfoodsherpas.com\/sfs\/wp-content\/uploads\/2015\/07\/wine-tasting-and-food-tour-in-malaga.jpg","contentUrl":"https:\/\/www.spainfoodsherpas.com\/sfs\/wp-content\/uploads\/2015\/07\/wine-tasting-and-food-tour-in-malaga.jpg"},{"@type":"BreadcrumbList","@id":"https:\/\/www.spainfoodsherpas.com\/fr\/tours-gastronomiques-a-malaga\/#breadcrumb","itemListElement":[{"@type":"ListItem","position":1,"name":"Home","item":"https:\/\/www.spainfoodsherpas.com\/fr\/"},{"@type":"ListItem","position":2,"name":"Tours Gastronomiques \u00e0 Malaga"}]},{"@type":"WebSite","@id":"https:\/\/www.spainfoodsherpas.com\/#website","url":"https:\/\/www.spainfoodsherpas.com\/","name":"Spain Food Sherpas","description":"Food Travel Experiences","potentialAction":[{"@type":"SearchAction","target":{"@type":"EntryPoint","urlTemplate":"https:\/\/www.spainfoodsherpas.com\/?s={search_term_string}"},"query-input":{"@type":"PropertyValueSpecification","valueRequired":true,"valueName":"search_term_string"}}],"inLanguage":"fr-FR"}]}},"_links":{"self":[{"href":"https:\/\/www.spainfoodsherpas.com\/fr\/wp-json\/wp\/v2\/pages\/22214","targetHints":{"allow":["GET"]}}],"collection":[{"href":"https:\/\/www.spainfoodsherpas.com\/fr\/wp-json\/wp\/v2\/pages"}],"about":[{"href":"https:\/\/www.spainfoodsherpas.com\/fr\/wp-json\/wp\/v2\/types\/page"}],"author":[{"embeddable":true,"href":"https:\/\/www.spainfoodsherpas.com\/fr\/wp-json\/wp\/v2\/users\/2"}],"replies":[{"embeddable":true,"href":"https:\/\/www.spainfoodsherpas.com\/fr\/wp-json\/wp\/v2\/comments?post=22214"}],"version-history":[{"count":35,"href":"https:\/\/www.spainfoodsherpas.com\/fr\/wp-json\/wp\/v2\/pages\/22214\/revisions"}],"predecessor-version":[{"id":23174,"href":"https:\/\/www.spainfoodsherpas.com\/fr\/wp-json\/wp\/v2\/pages\/22214\/revisions\/23174"}],"wp:attachment":[{"href":"https:\/\/www.spainfoodsherpas.com\/fr\/wp-json\/wp\/v2\/media?parent=22214"}],"curies":[{"name":"wp","href":"https:\/\/api.w.org\/{rel}","templated":true}]}}