
{"id":4296,"date":"2016-02-24T11:22:48","date_gmt":"2016-02-24T11:22:48","guid":{"rendered":"https:\/\/www.spainfoodsherpas.com\/es\/?page_id=4296"},"modified":"2016-10-16T14:08:30","modified_gmt":"2016-10-16T14:08:30","slug":"clases-de-cocina-en-malaga","status":"publish","type":"page","link":"https:\/\/www.spainfoodsherpas.com\/es\/clases-de-cocina-en-malaga\/","title":{"rendered":"Clases de cocina en M\u00e1laga"},"content":{"rendered":"<div class=\"fusion-fullwidth fullwidth-box fusion-builder-row-1 fusion-flex-container nonhundred-percent-fullwidth non-hundred-percent-height-scrolling\" style=\"--awb-background-position:left top;--awb-background-repeat:repeat;--awb-border-color:#957f55;--awb-border-radius-top-left:0px;--awb-border-radius-top-right:0px;--awb-border-radius-bottom-right:0px;--awb-border-radius-bottom-left:0px;--awb-padding-top:20px;--awb-padding-right:0px;--awb-padding-bottom:20px;--awb-padding-left:0px;--awb-border-sizes-top:0px;--awb-border-sizes-bottom:0px;--awb-flex-wrap:wrap;\" ><div class=\"fusion-builder-row fusion-row fusion-flex-align-items-flex-start fusion-flex-content-wrap\" style=\"max-width:1216.8px;margin-left: calc(-4% \/ 2 );margin-right: calc(-4% \/ 2 );\"><div class=\"fusion-layout-column fusion_builder_column fusion-builder-column-0 fusion_builder_column_1_1 1_1 fusion-flex-column fusion-flex-align-self-flex-start fusion-column-no-min-height\" style=\"--awb-bg-size:cover;--awb-width-large:100%;--awb-margin-top-large:0px;--awb-spacing-right-large:1.92%;--awb-margin-bottom-large:0px;--awb-spacing-left-large:1.92%;--awb-width-medium:100%;--awb-spacing-right-medium:1.92%;--awb-spacing-left-medium:1.92%;--awb-width-small:100%;--awb-spacing-right-small:1.92%;--awb-spacing-left-small:1.92%;\"><div class=\"fusion-column-wrapper fusion-flex-justify-content-flex-start fusion-content-layout-column\"><div class=\"fusion-text fusion-text-1\"><div class=\"tour_titulo\">\n<h1 style=\"text-align: center;\">CLASES DE COCINA EN M\u00c1LAGA<\/h1>\n<\/div>\n<\/div><div class=\"fusion-separator fusion-full-width-sep\" style=\"align-self: center;margin-left: auto;margin-right: auto;margin-top:10px;margin-bottom:10px;width:100%;\"><\/div><div class=\"fusion-text fusion-text-2\"><p style=\"text-align: center;\">Clases de cocina en M\u00e1laga para parejas, ni\u00f1os y grupos. Aprende con nosotros a preparar las recetas m\u00e1s tradicionales de la cocina espa\u00f1ola (paella, gazpacho, tapas de M\u00e1laga,\u2026)<br \/>\nNuestros cursos de cocina incluyen una visita al mercado de Atarazanas!<\/p>\n<\/div><div class=\"fusion-separator fusion-full-width-sep\" style=\"align-self: center;margin-left: auto;margin-right: auto;margin-top:10px;margin-bottom:10px;width:100%;\"><\/div><\/div><\/div><div class=\"fusion-layout-column fusion_builder_column fusion-builder-column-1 fusion_builder_column_1_2 1_2 fusion-flex-column\" style=\"--awb-bg-color:transparent;--awb-bg-color-hover:transparent;--awb-bg-size:cover;--awb-width-large:50%;--awb-margin-top-large:0px;--awb-spacing-right-large:3.84%;--awb-margin-bottom-large:20px;--awb-spacing-left-large:3.84%;--awb-width-medium:100%;--awb-spacing-right-medium:1.92%;--awb-spacing-left-medium:1.92%;--awb-width-small:100%;--awb-spacing-right-small:1.92%;--awb-spacing-left-small:1.92%;\"><div class=\"fusion-column-wrapper fusion-flex-justify-content-center fusion-content-layout-column\"><div class=\"fusion-text fusion-text-3\"><h2 class=\"titulo_tour\" style=\"text-align: center;\">APRENDE C\u00d3MO HACER UNA PAELLA<\/h2>\n<\/div><div class=\"fusion-text fusion-text-4\"><p class=\"parrafo_portada_tour\"><a href=\"https:\/\/www.spainfoodsherpas.com\/es\/aprende-como-hacer-una-paella-en-malaga\/\"><img decoding=\"async\" class=\"lazyload aligncenter wp-image-3399 size-full\" title=\"Paella cooking workshop in Malaga\" src=\"https:\/\/www.spainfoodsherpas.com\/sfs\/wp-content\/uploads\/2014\/10\/IMG_0439.jpg\" data-orig-src=\"https:\/\/www.spainfoodsherpas.com\/sfs\/wp-content\/uploads\/2014\/10\/IMG_0439.jpg\" alt=\"\" width=\"526\" height=\"351\" srcset=\"data:image\/svg+xml,%3Csvg%20xmlns%3D%27http%3A%2F%2Fwww.w3.org%2F2000%2Fsvg%27%20width%3D%27526%27%20height%3D%27351%27%20viewBox%3D%270%200%20526%20351%27%3E%3Crect%20width%3D%27526%27%20height%3D%27351%27%20fill-opacity%3D%220%22%2F%3E%3C%2Fsvg%3E\" data-srcset=\"https:\/\/www.spainfoodsherpas.com\/sfs\/wp-content\/uploads\/2014\/10\/IMG_0439-200x133.jpg 200w, https:\/\/www.spainfoodsherpas.com\/sfs\/wp-content\/uploads\/2014\/10\/IMG_0439-240x160.jpg 240w, https:\/\/www.spainfoodsherpas.com\/sfs\/wp-content\/uploads\/2014\/10\/IMG_0439-300x200.jpg 300w, https:\/\/www.spainfoodsherpas.com\/sfs\/wp-content\/uploads\/2014\/10\/IMG_0439-400x267.jpg 400w, https:\/\/www.spainfoodsherpas.com\/sfs\/wp-content\/uploads\/2014\/10\/IMG_0439-500x334.jpg 500w, https:\/\/www.spainfoodsherpas.com\/sfs\/wp-content\/uploads\/2014\/10\/IMG_0439.jpg 526w\" data-sizes=\"auto\" data-orig-sizes=\"(max-width: 526px) 100vw, 526px\" \/><\/a><\/p>\n<\/div><div style=\"text-align:center;\"><a class=\"fusion-button button-flat fusion-button-default-size button-default fusion-button-default button-1 fusion-button-default-span \" target=\"_self\" href=\"https:\/\/www.spainfoodsherpas.com\/es\/aprende-como-hacer-una-paella-en-malaga\/\"><span class=\"fusion-button-text awb-button__text awb-button__text--default\">INFORMACI\u00d3N Y RESERVA<\/span><\/a><\/div><div class=\"fusion-separator fusion-full-width-sep\" style=\"align-self: center;margin-left: auto;margin-right: auto;margin-top:20px;margin-bottom:20px;width:100%;\"><\/div><\/div><\/div><div class=\"fusion-layout-column fusion_builder_column fusion-builder-column-2 fusion_builder_column_1_2 1_2 fusion-flex-column\" style=\"--awb-bg-size:cover;--awb-width-large:50%;--awb-margin-top-large:0px;--awb-spacing-right-large:3.84%;--awb-margin-bottom-large:20px;--awb-spacing-left-large:3.84%;--awb-width-medium:100%;--awb-spacing-right-medium:1.92%;--awb-spacing-left-medium:1.92%;--awb-width-small:100%;--awb-spacing-right-small:1.92%;--awb-spacing-left-small:1.92%;\"><div class=\"fusion-column-wrapper fusion-flex-justify-content-flex-start fusion-content-layout-column\"><div class=\"fusion-text fusion-text-5\"><h2 class=\"titulo_tour\" style=\"text-align: center;\">CLASE DE TAPAS TRADICIONALES<\/h2>\n<\/div><div class=\"fusion-text fusion-text-6\"><p class=\"parrafo_portada_tour\"><a href=\"https:\/\/www.spainfoodsherpas.com\/es\/curso-cocina-malaga-visita-al-mercado\/\"><img decoding=\"async\" class=\"lazyload aligncenter wp-image-3546 size-full\" title=\"Tapas cooking workshop in Malaga\" src=\"https:\/\/www.spainfoodsherpas.com\/sfs\/wp-content\/uploads\/2015\/07\/pil-pil-prawns-tapa.jpg\" data-orig-src=\"https:\/\/www.spainfoodsherpas.com\/sfs\/wp-content\/uploads\/2015\/07\/pil-pil-prawns-tapa.jpg\" alt=\"\" width=\"526\" height=\"351\" srcset=\"data:image\/svg+xml,%3Csvg%20xmlns%3D%27http%3A%2F%2Fwww.w3.org%2F2000%2Fsvg%27%20width%3D%27526%27%20height%3D%27351%27%20viewBox%3D%270%200%20526%20351%27%3E%3Crect%20width%3D%27526%27%20height%3D%27351%27%20fill-opacity%3D%220%22%2F%3E%3C%2Fsvg%3E\" data-srcset=\"https:\/\/www.spainfoodsherpas.com\/sfs\/wp-content\/uploads\/2015\/07\/pil-pil-prawns-tapa-200x133.jpg 200w, https:\/\/www.spainfoodsherpas.com\/sfs\/wp-content\/uploads\/2015\/07\/pil-pil-prawns-tapa-240x160.jpg 240w, https:\/\/www.spainfoodsherpas.com\/sfs\/wp-content\/uploads\/2015\/07\/pil-pil-prawns-tapa-300x200.jpg 300w, https:\/\/www.spainfoodsherpas.com\/sfs\/wp-content\/uploads\/2015\/07\/pil-pil-prawns-tapa-400x267.jpg 400w, https:\/\/www.spainfoodsherpas.com\/sfs\/wp-content\/uploads\/2015\/07\/pil-pil-prawns-tapa-500x334.jpg 500w, https:\/\/www.spainfoodsherpas.com\/sfs\/wp-content\/uploads\/2015\/07\/pil-pil-prawns-tapa.jpg 526w\" data-sizes=\"auto\" data-orig-sizes=\"(max-width: 526px) 100vw, 526px\" \/><\/a><\/p>\n<\/div><div style=\"text-align:center;\"><a class=\"fusion-button button-flat fusion-button-default-size button-default fusion-button-default button-2 fusion-button-default-span \" target=\"_self\" href=\"https:\/\/www.spainfoodsherpas.com\/es\/curso-cocina-malaga-visita-al-mercado\/\"><span class=\"fusion-button-text awb-button__text awb-button__text--default\">INFORMACI\u00d3N Y RESERVA<\/span><\/a><\/div><div class=\"fusion-separator fusion-full-width-sep\" style=\"align-self: center;margin-left: auto;margin-right: auto;margin-top:20px;margin-bottom:20px;width:100%;\"><\/div><\/div><\/div><\/div><\/div>\n","protected":false},"excerpt":{"rendered":"","protected":false},"author":2,"featured_media":0,"parent":0,"menu_order":0,"comment_status":"closed","ping_status":"closed","template":"100-width.php","meta":{"footnotes":""},"class_list":["post-4296","page","type-page","status-publish","hentry"],"yoast_head":"<!-- This site is optimized with the Yoast SEO plugin v27.1.1 - https:\/\/yoast.com\/product\/yoast-seo-wordpress\/ -->\n<title>Clases de cocina en M\u00e1laga<\/title>\n<meta name=\"robots\" content=\"index, follow, max-snippet:-1, max-image-preview:large, max-video-preview:-1\" \/>\n<link rel=\"canonical\" href=\"https:\/\/www.spainfoodsherpas.com\/es\/clases-de-cocina-en-malaga\/\" \/>\n<meta property=\"og:locale\" content=\"es_ES\" \/>\n<meta property=\"og:type\" content=\"article\" \/>\n<meta property=\"og:title\" content=\"Clases de cocina en M\u00e1laga\" \/>\n<meta property=\"og:url\" content=\"https:\/\/www.spainfoodsherpas.com\/es\/clases-de-cocina-en-malaga\/\" \/>\n<meta property=\"og:site_name\" content=\"Spain Food Sherpas\" \/>\n<meta property=\"article:publisher\" content=\"https:\/\/www.facebook.com\/spainfoodsherpas\" \/>\n<meta property=\"article:modified_time\" content=\"2016-10-16T14:08:30+00:00\" \/>\n<meta property=\"og:image\" content=\"https:\/\/www.spainfoodsherpas.com\/sfs\/wp-content\/uploads\/2014\/10\/IMG_0439.jpg\" \/>\n<meta name=\"twitter:card\" content=\"summary_large_image\" \/>\n<meta name=\"twitter:label1\" content=\"Tiempo de lectura\" \/>\n\t<meta name=\"twitter:data1\" content=\"3 minutos\" \/>\n<script type=\"application\/ld+json\" class=\"yoast-schema-graph\">{\"@context\":\"https:\/\/schema.org\",\"@graph\":[{\"@type\":\"WebPage\",\"@id\":\"https:\/\/www.spainfoodsherpas.com\/es\/clases-de-cocina-en-malaga\/\",\"url\":\"https:\/\/www.spainfoodsherpas.com\/es\/clases-de-cocina-en-malaga\/\",\"name\":\"Clases de cocina en M\u00e1laga\",\"isPartOf\":{\"@id\":\"https:\/\/www.spainfoodsherpas.com\/#website\"},\"primaryImageOfPage\":{\"@id\":\"https:\/\/www.spainfoodsherpas.com\/es\/clases-de-cocina-en-malaga\/#primaryimage\"},\"image\":{\"@id\":\"https:\/\/www.spainfoodsherpas.com\/es\/clases-de-cocina-en-malaga\/#primaryimage\"},\"thumbnailUrl\":\"https:\/\/www.spainfoodsherpas.com\/sfs\/wp-content\/uploads\/2014\/10\/IMG_0439.jpg\",\"datePublished\":\"2016-02-24T11:22:48+00:00\",\"dateModified\":\"2016-10-16T14:08:30+00:00\",\"breadcrumb\":{\"@id\":\"https:\/\/www.spainfoodsherpas.com\/es\/clases-de-cocina-en-malaga\/#breadcrumb\"},\"inLanguage\":\"es\",\"potentialAction\":[{\"@type\":\"ReadAction\",\"target\":[\"https:\/\/www.spainfoodsherpas.com\/es\/clases-de-cocina-en-malaga\/\"]}]},{\"@type\":\"ImageObject\",\"inLanguage\":\"es\",\"@id\":\"https:\/\/www.spainfoodsherpas.com\/es\/clases-de-cocina-en-malaga\/#primaryimage\",\"url\":\"https:\/\/www.spainfoodsherpas.com\/sfs\/wp-content\/uploads\/2014\/10\/IMG_0439.jpg\",\"contentUrl\":\"https:\/\/www.spainfoodsherpas.com\/sfs\/wp-content\/uploads\/2014\/10\/IMG_0439.jpg\"},{\"@type\":\"BreadcrumbList\",\"@id\":\"https:\/\/www.spainfoodsherpas.com\/es\/clases-de-cocina-en-malaga\/#breadcrumb\",\"itemListElement\":[{\"@type\":\"ListItem\",\"position\":1,\"name\":\"Home\",\"item\":\"https:\/\/www.spainfoodsherpas.com\/es\/\"},{\"@type\":\"ListItem\",\"position\":2,\"name\":\"Clases de cocina en M\u00e1laga\"}]},{\"@type\":\"WebSite\",\"@id\":\"https:\/\/www.spainfoodsherpas.com\/#website\",\"url\":\"https:\/\/www.spainfoodsherpas.com\/\",\"name\":\"Spain Food Sherpas\",\"description\":\"Food Travel Experiences\",\"potentialAction\":[{\"@type\":\"SearchAction\",\"target\":{\"@type\":\"EntryPoint\",\"urlTemplate\":\"https:\/\/www.spainfoodsherpas.com\/?s={search_term_string}\"},\"query-input\":{\"@type\":\"PropertyValueSpecification\",\"valueRequired\":true,\"valueName\":\"search_term_string\"}}],\"inLanguage\":\"es\"}]}<\/script>\n<!-- \/ Yoast SEO plugin. -->","yoast_head_json":{"title":"Clases de cocina en M\u00e1laga","robots":{"index":"index","follow":"follow","max-snippet":"max-snippet:-1","max-image-preview":"max-image-preview:large","max-video-preview":"max-video-preview:-1"},"canonical":"https:\/\/www.spainfoodsherpas.com\/es\/clases-de-cocina-en-malaga\/","og_locale":"es_ES","og_type":"article","og_title":"Clases de cocina en M\u00e1laga","og_url":"https:\/\/www.spainfoodsherpas.com\/es\/clases-de-cocina-en-malaga\/","og_site_name":"Spain Food Sherpas","article_publisher":"https:\/\/www.facebook.com\/spainfoodsherpas","article_modified_time":"2016-10-16T14:08:30+00:00","og_image":[{"url":"https:\/\/www.spainfoodsherpas.com\/sfs\/wp-content\/uploads\/2014\/10\/IMG_0439.jpg","type":"","width":"","height":""}],"twitter_card":"summary_large_image","twitter_misc":{"Tiempo de lectura":"3 minutos"},"schema":{"@context":"https:\/\/schema.org","@graph":[{"@type":"WebPage","@id":"https:\/\/www.spainfoodsherpas.com\/es\/clases-de-cocina-en-malaga\/","url":"https:\/\/www.spainfoodsherpas.com\/es\/clases-de-cocina-en-malaga\/","name":"Clases de cocina en M\u00e1laga","isPartOf":{"@id":"https:\/\/www.spainfoodsherpas.com\/#website"},"primaryImageOfPage":{"@id":"https:\/\/www.spainfoodsherpas.com\/es\/clases-de-cocina-en-malaga\/#primaryimage"},"image":{"@id":"https:\/\/www.spainfoodsherpas.com\/es\/clases-de-cocina-en-malaga\/#primaryimage"},"thumbnailUrl":"https:\/\/www.spainfoodsherpas.com\/sfs\/wp-content\/uploads\/2014\/10\/IMG_0439.jpg","datePublished":"2016-02-24T11:22:48+00:00","dateModified":"2016-10-16T14:08:30+00:00","breadcrumb":{"@id":"https:\/\/www.spainfoodsherpas.com\/es\/clases-de-cocina-en-malaga\/#breadcrumb"},"inLanguage":"es","potentialAction":[{"@type":"ReadAction","target":["https:\/\/www.spainfoodsherpas.com\/es\/clases-de-cocina-en-malaga\/"]}]},{"@type":"ImageObject","inLanguage":"es","@id":"https:\/\/www.spainfoodsherpas.com\/es\/clases-de-cocina-en-malaga\/#primaryimage","url":"https:\/\/www.spainfoodsherpas.com\/sfs\/wp-content\/uploads\/2014\/10\/IMG_0439.jpg","contentUrl":"https:\/\/www.spainfoodsherpas.com\/sfs\/wp-content\/uploads\/2014\/10\/IMG_0439.jpg"},{"@type":"BreadcrumbList","@id":"https:\/\/www.spainfoodsherpas.com\/es\/clases-de-cocina-en-malaga\/#breadcrumb","itemListElement":[{"@type":"ListItem","position":1,"name":"Home","item":"https:\/\/www.spainfoodsherpas.com\/es\/"},{"@type":"ListItem","position":2,"name":"Clases de cocina en M\u00e1laga"}]},{"@type":"WebSite","@id":"https:\/\/www.spainfoodsherpas.com\/#website","url":"https:\/\/www.spainfoodsherpas.com\/","name":"Spain Food Sherpas","description":"Food Travel Experiences","potentialAction":[{"@type":"SearchAction","target":{"@type":"EntryPoint","urlTemplate":"https:\/\/www.spainfoodsherpas.com\/?s={search_term_string}"},"query-input":{"@type":"PropertyValueSpecification","valueRequired":true,"valueName":"search_term_string"}}],"inLanguage":"es"}]}},"_links":{"self":[{"href":"https:\/\/www.spainfoodsherpas.com\/es\/wp-json\/wp\/v2\/pages\/4296","targetHints":{"allow":["GET"]}}],"collection":[{"href":"https:\/\/www.spainfoodsherpas.com\/es\/wp-json\/wp\/v2\/pages"}],"about":[{"href":"https:\/\/www.spainfoodsherpas.com\/es\/wp-json\/wp\/v2\/types\/page"}],"author":[{"embeddable":true,"href":"https:\/\/www.spainfoodsherpas.com\/es\/wp-json\/wp\/v2\/users\/2"}],"replies":[{"embeddable":true,"href":"https:\/\/www.spainfoodsherpas.com\/es\/wp-json\/wp\/v2\/comments?post=4296"}],"version-history":[{"count":10,"href":"https:\/\/www.spainfoodsherpas.com\/es\/wp-json\/wp\/v2\/pages\/4296\/revisions"}],"predecessor-version":[{"id":9459,"href":"https:\/\/www.spainfoodsherpas.com\/es\/wp-json\/wp\/v2\/pages\/4296\/revisions\/9459"}],"wp:attachment":[{"href":"https:\/\/www.spainfoodsherpas.com\/es\/wp-json\/wp\/v2\/media?parent=4296"}],"curies":[{"name":"wp","href":"https:\/\/api.w.org\/{rel}","templated":true}]}}