
{"id":2604,"date":"2015-07-20T11:27:28","date_gmt":"2015-07-20T11:27:28","guid":{"rendered":"http:\/\/www.andaluciafoodsherpas.com\/?page_id=2604"},"modified":"2016-10-16T09:23:29","modified_gmt":"2016-10-16T09:23:29","slug":"faq","status":"publish","type":"page","link":"https:\/\/www.spainfoodsherpas.com\/es\/faq\/","title":{"rendered":"FAQ"},"content":{"rendered":"<div id=\"faq\" class=\"fusion-container-anchor\"><div class=\"fusion-fullwidth fullwidth-box fusion-builder-row-1 fusion-flex-container nonhundred-percent-fullwidth non-hundred-percent-height-scrolling\" style=\"--awb-background-position:left top;--awb-border-radius-top-left:0px;--awb-border-radius-top-right:0px;--awb-border-radius-bottom-right:0px;--awb-border-radius-bottom-left:0px;--awb-padding-top:20px;--awb-padding-right:0px;--awb-padding-bottom:20px;--awb-padding-left:0px;--awb-border-sizes-top:0px;--awb-border-sizes-bottom:0px;--awb-flex-wrap:wrap;\" ><div class=\"fusion-builder-row fusion-row fusion-flex-align-items-flex-start fusion-flex-content-wrap\" style=\"max-width:1216.8px;margin-left: calc(-4% \/ 2 );margin-right: calc(-4% \/ 2 );\"><div class=\"fusion-layout-column fusion_builder_column fusion-builder-column-0 fusion_builder_column_1_1 1_1 fusion-flex-column fusion-flex-align-self-flex-start fusion-column-no-min-height\" style=\"--awb-bg-size:cover;--awb-width-large:100%;--awb-margin-top-large:0px;--awb-spacing-right-large:1.92%;--awb-margin-bottom-large:0px;--awb-spacing-left-large:1.92%;--awb-width-medium:100%;--awb-spacing-right-medium:1.92%;--awb-spacing-left-medium:1.92%;--awb-width-small:100%;--awb-spacing-right-small:1.92%;--awb-spacing-left-small:1.92%;\"><div class=\"fusion-column-wrapper fusion-flex-justify-content-flex-start fusion-content-layout-column\"><div class=\"fusion-builder-row fusion-row fusion-flex-align-items-flex-start fusion-flex-content-wrap\" style=\"max-width:1216.8px;margin-left: calc(-4% \/ 2 );margin-right: calc(-4% \/ 2 );\"><\/div><div class=\"fusion-builder-row fusion-builder-row-inner fusion-row fusion-flex-align-items-flex-start fusion-flex-content-wrap\" style=\"--awb-flex-grow:0;--awb-flex-grow-medium:0;--awb-flex-grow-small:0;--awb-flex-shrink:0;--awb-flex-shrink-medium:0;--awb-flex-shrink-small:0;width:104% !important;max-width:104% !important;margin-left: calc(-4% \/ 2 );margin-right: calc(-4% \/ 2 );\"><div class=\"fusion-layout-column fusion_builder_column_inner fusion-builder-nested-column-0 fusion_builder_column_inner_1_1 1_1 fusion-flex-column fusion-flex-align-self-flex-start fusion-column-no-min-height\" style=\"--awb-bg-size:cover;--awb-width-large:100%;--awb-margin-top-large:0px;--awb-spacing-right-large:1.92%;--awb-margin-bottom-large:0px;--awb-spacing-left-large:1.92%;--awb-width-medium:100%;--awb-spacing-right-medium:1.92%;--awb-spacing-left-medium:1.92%;--awb-width-small:100%;--awb-spacing-right-small:1.92%;--awb-spacing-left-small:1.92%;\"><div class=\"fusion-column-wrapper fusion-flex-justify-content-flex-start fusion-content-layout-column\"><div class=\"fusion-layout-column fusion_builder_column fusion-builder-column-1 fusion_builder_column_1_1 1_1 fusion-flex-column fusion-flex-align-self-flex-start fusion-column-no-min-height\" style=\"--awb-bg-size:cover;--awb-width-large:100%;--awb-flex-grow:0;--awb-flex-shrink:0;--awb-margin-top-large:0px;--awb-spacing-right-large:1.92%;--awb-margin-bottom-large:0px;--awb-spacing-left-large:1.92%;--awb-width-medium:100%;--awb-flex-grow-medium:0;--awb-flex-shrink-medium:0;--awb-spacing-right-medium:1.92%;--awb-spacing-left-medium:1.92%;--awb-width-small:100%;--awb-flex-grow-small:0;--awb-flex-shrink-small:0;--awb-spacing-right-small:1.92%;--awb-spacing-left-small:1.92%;\"><div class=\"fusion-column-wrapper fusion-flex-justify-content-flex-start fusion-content-layout-column\"><\/div><\/div><div class=\"fusion-title title fusion-title-1 fusion-sep-none fusion-title-text fusion-title-size-two blancos\" style=\"--awb-margin-top-small:0px;--awb-margin-right-small:0px;--awb-margin-bottom-small:20px;--awb-margin-left-small:0px;\"><h2 class=\"fusion-title-heading title-heading-left\" style=\"margin:0;\"><span style=\"color: #ffffff;\">FAQ<\/span><\/h2><\/div><div class=\"fusion-separator fusion-full-width-sep\" style=\"align-self: center;margin-left: auto;margin-right: auto;margin-top:30px;margin-bottom:30px;width:100%;\"><\/div><\/div><\/div><\/div><\/div><\/div><div class=\"fusion-layout-column fusion_builder_column fusion-builder-column-2 fusion_builder_column_1_1 1_1 fusion-flex-column fusion-flex-align-self-flex-start fusion-column-no-min-height\" style=\"--awb-bg-size:cover;--awb-width-large:100%;--awb-flex-grow:0;--awb-flex-shrink:0;--awb-margin-top-large:0px;--awb-spacing-right-large:1.92%;--awb-margin-bottom-large:0px;--awb-spacing-left-large:1.92%;--awb-width-medium:100%;--awb-flex-grow-medium:0;--awb-flex-shrink-medium:0;--awb-spacing-right-medium:1.92%;--awb-spacing-left-medium:1.92%;--awb-width-small:100%;--awb-flex-grow-small:0;--awb-flex-shrink-small:0;--awb-spacing-right-small:1.92%;--awb-spacing-left-small:1.92%;\"><div class=\"fusion-column-wrapper fusion-flex-justify-content-flex-start fusion-content-layout-column\"><div class=\"fusion-builder-row fusion-builder-row-inner fusion-row fusion-flex-align-items-flex-start fusion-flex-content-wrap\" style=\"--awb-flex-grow:0;--awb-flex-grow-medium:0;--awb-flex-grow-small:0;--awb-flex-shrink:0;--awb-flex-shrink-medium:0;--awb-flex-shrink-small:0;width:104% !important;max-width:104% !important;margin-left: calc(-4% \/ 2 );margin-right: calc(-4% \/ 2 );\"><div class=\"fusion-layout-column fusion_builder_column_inner fusion-builder-nested-column-1 fusion_builder_column_inner_1_4 1_4 fusion-flex-column\" style=\"--awb-bg-size:cover;--awb-width-large:25%;--awb-margin-top-large:0px;--awb-spacing-right-large:7.68%;--awb-margin-bottom-large:20px;--awb-spacing-left-large:7.68%;--awb-width-medium:100%;--awb-spacing-right-medium:1.92%;--awb-spacing-left-medium:1.92%;--awb-width-small:100%;--awb-spacing-right-small:1.92%;--awb-spacing-left-small:1.92%;\"><div class=\"fusion-column-wrapper fusion-flex-justify-content-flex-start fusion-content-layout-column\"><\/div><\/div><div class=\"fusion-layout-column fusion_builder_column_inner fusion-builder-nested-column-2 fusion_builder_column_inner_1_2 1_2 fusion-flex-column\" style=\"--awb-bg-size:cover;--awb-width-large:50%;--awb-margin-top-large:0px;--awb-spacing-right-large:3.84%;--awb-margin-bottom-large:20px;--awb-spacing-left-large:3.84%;--awb-width-medium:100%;--awb-spacing-right-medium:1.92%;--awb-spacing-left-medium:1.92%;--awb-width-small:100%;--awb-spacing-right-small:1.92%;--awb-spacing-left-small:1.92%;\"><div class=\"fusion-column-wrapper fusion-flex-justify-content-flex-start fusion-content-layout-column\"><div class=\"accordian fusion-accordian faq\" style=\"--awb-border-size:1px;--awb-icon-size:13px;--awb-content-font-size:16px;--awb-icon-alignment:left;--awb-hover-color:#f9f9f9;--awb-border-color:#cccccc;--awb-background-color:#ffffff;--awb-divider-color:#4e432d;--awb-divider-hover-color:#4e432d;--awb-icon-color:#212934;--awb-title-color:#957f55;--awb-content-color:#1d242d;--awb-icon-box-color:#ffffff;--awb-toggle-hover-accent-color:#957f55;--awb-title-font-family:&quot;Abhaya Libre&quot;;--awb-title-font-weight:400;--awb-title-font-style:normal;--awb-title-font-size:16px;--awb-content-font-family:&quot;Barlow&quot;;--awb-content-font-style:normal;--awb-content-font-weight:400;\"><div class=\"panel-group fusion-toggle-icon-unboxed\" id=\"accordion-2604-1\"><div class=\"fusion-panel panel-default panel-eb78de1b28f255063 fusion-toggle-no-divider\"><div class=\"panel-heading\"><h4 class=\"panel-title toggle\" id=\"toggle_eb78de1b28f255063\"><a aria-expanded=\"false\" aria-controls=\"eb78de1b28f255063\" role=\"button\" data-toggle=\"collapse\" data-parent=\"#accordion-2604-1\" data-target=\"#eb78de1b28f255063\" href=\"#eb78de1b28f255063\"><span class=\"fusion-toggle-icon-wrapper\" aria-hidden=\"true\"><i class=\"fa-fusion-box active-icon awb-icon-minus\" aria-hidden=\"true\"><\/i><i class=\"fa-fusion-box inactive-icon awb-icon-plus\" aria-hidden=\"true\"><\/i><\/span><span class=\"fusion-toggle-heading\">\u00bfCU\u00c1NTAS PERSONAS PUEDEN INSCRIBIRSE EN EL TOUR O WORKSHOP?<\/span><\/a><\/h4><\/div><div id=\"eb78de1b28f255063\" class=\"panel-collapse collapse \" aria-labelledby=\"toggle_eb78de1b28f255063\"><div class=\"panel-body toggle-content fusion-clearfix\">Nuestros tours o actividades se llevan a cabo siempre a partir de dos personas y hasta un m\u00e1ximo de doce. Para grupos y\/o empresas, SFS tiene precios especiales y organiza eventos a medida. Cons\u00faltanos.<\/div><\/div><\/div><div class=\"fusion-panel panel-default panel-a328b126eb4ae6201 fusion-toggle-no-divider\"><div class=\"panel-heading\"><h4 class=\"panel-title toggle\" id=\"toggle_a328b126eb4ae6201\"><a aria-expanded=\"false\" aria-controls=\"a328b126eb4ae6201\" role=\"button\" data-toggle=\"collapse\" data-parent=\"#accordion-2604-1\" data-target=\"#a328b126eb4ae6201\" href=\"#a328b126eb4ae6201\"><span class=\"fusion-toggle-icon-wrapper\" aria-hidden=\"true\"><i class=\"fa-fusion-box active-icon awb-icon-minus\" aria-hidden=\"true\"><\/i><i class=\"fa-fusion-box inactive-icon awb-icon-plus\" aria-hidden=\"true\"><\/i><\/span><span class=\"fusion-toggle-heading\">\u00bfCU\u00c1NDO TENGO QUE ABONAR EL TOUR O ACTIVIDAD?<\/span><\/a><\/h4><\/div><div id=\"a328b126eb4ae6201\" class=\"panel-collapse collapse \" aria-labelledby=\"toggle_a328b126eb4ae6201\"><div class=\"panel-body toggle-content fusion-clearfix\">Puedes inscribirte en nuestros tours y realizar el pago en los establecimientos asociados a Spain Food Sherpas. Consulta en la recepci\u00f3n de tu hotel. Tambi\u00e9n puedes realizar la reserva y abonar el pago directamente a trav\u00e9s de nuestra web. O si lo prefieres, puedes reservar la actividad y pagarla directamente a nuestro sherpa en el punto de encuentro.<\/div><\/div><\/div><div class=\"fusion-panel panel-default panel-fc8b7a374747d7f19 fusion-toggle-no-divider\"><div class=\"panel-heading\"><h4 class=\"panel-title toggle\" id=\"toggle_fc8b7a374747d7f19\"><a aria-expanded=\"false\" aria-controls=\"fc8b7a374747d7f19\" role=\"button\" data-toggle=\"collapse\" data-parent=\"#accordion-2604-1\" data-target=\"#fc8b7a374747d7f19\" href=\"#fc8b7a374747d7f19\"><span class=\"fusion-toggle-icon-wrapper\" aria-hidden=\"true\"><i class=\"fa-fusion-box active-icon awb-icon-minus\" aria-hidden=\"true\"><\/i><i class=\"fa-fusion-box inactive-icon awb-icon-plus\" aria-hidden=\"true\"><\/i><\/span><span class=\"fusion-toggle-heading\">\u00bfCAMINAMOS LARGAS DISTANCIAS? \u00bfNOS MOVEMOS EN ALG\u00daN TIPO DE TRANSPORTE?<\/span><\/a><\/h4><\/div><div id=\"fc8b7a374747d7f19\" class=\"panel-collapse collapse \" aria-labelledby=\"toggle_fc8b7a374747d7f19\"><div class=\"panel-body toggle-content fusion-clearfix\">Nuestros tours son de dos tipos: En primer lugar, los Walking Tours son recorridos que haremos paseando y conociendo la ciudad. Las distancias no son, en ning\u00fan caso, muy largas y se pueden realizar c\u00f3modamente andando. El otro tipo de Tours se realizan en una van para llegar al destino principal, por ejemplo M\u00e1laga-Ronda y una vez all\u00ed, realizamos el itinerario paseando. En cualquier caso, el transporte est\u00e1 incluido en el precio de la excursi\u00f3n.<\/div><\/div><\/div><div class=\"fusion-panel panel-default panel-3e1570d0426e1dc1c fusion-toggle-no-divider\"><div class=\"panel-heading\"><h4 class=\"panel-title toggle\" id=\"toggle_3e1570d0426e1dc1c\"><a aria-expanded=\"false\" aria-controls=\"3e1570d0426e1dc1c\" role=\"button\" data-toggle=\"collapse\" data-parent=\"#accordion-2604-1\" data-target=\"#3e1570d0426e1dc1c\" href=\"#3e1570d0426e1dc1c\"><span class=\"fusion-toggle-icon-wrapper\" aria-hidden=\"true\"><i class=\"fa-fusion-box active-icon awb-icon-minus\" aria-hidden=\"true\"><\/i><i class=\"fa-fusion-box inactive-icon awb-icon-plus\" aria-hidden=\"true\"><\/i><\/span><span class=\"fusion-toggle-heading\">\u00bfQU\u00c9 OCURRE SI LLUEVE?<\/span><\/a><\/h4><\/div><div id=\"3e1570d0426e1dc1c\" class=\"panel-collapse collapse \" aria-labelledby=\"toggle_3e1570d0426e1dc1c\"><div class=\"panel-body toggle-content fusion-clearfix\">Habitualmente contamos en Espa\u00f1a con un clima soleado y pocos d\u00edas de lluvia. No obstante, en el caso que ocurriese, hay previsto un itinerario alternativo acorde a las circunstancias.<\/div><\/div><\/div><div class=\"fusion-panel panel-default panel-7d412c00ecbd6e4d2 fusion-toggle-no-divider\"><div class=\"panel-heading\"><h4 class=\"panel-title toggle\" id=\"toggle_7d412c00ecbd6e4d2\"><a aria-expanded=\"false\" aria-controls=\"7d412c00ecbd6e4d2\" role=\"button\" data-toggle=\"collapse\" data-parent=\"#accordion-2604-1\" data-target=\"#7d412c00ecbd6e4d2\" href=\"#7d412c00ecbd6e4d2\"><span class=\"fusion-toggle-icon-wrapper\" aria-hidden=\"true\"><i class=\"fa-fusion-box active-icon awb-icon-minus\" aria-hidden=\"true\"><\/i><i class=\"fa-fusion-box inactive-icon awb-icon-plus\" aria-hidden=\"true\"><\/i><\/span><span class=\"fusion-toggle-heading\">\u00bfQU\u00c9 OCURRE SI NECESITO CAMBIAR O CANCELAR EL TOUR O ACTIVIDAD PARA LA QUE ESTABA INSCRITO?<\/span><\/a><\/h4><\/div><div id=\"7d412c00ecbd6e4d2\" class=\"panel-collapse collapse \" aria-labelledby=\"toggle_7d412c00ecbd6e4d2\"><div class=\"panel-body toggle-content fusion-clearfix\">Ponte en contacto con nosotros lo antes posible y buscaremos la mejor soluci\u00f3n posible para ti.<\/div><\/div><\/div><div class=\"fusion-panel panel-default panel-8bb413c5633cb79ae fusion-toggle-no-divider\"><div class=\"panel-heading\"><h4 class=\"panel-title toggle\" id=\"toggle_8bb413c5633cb79ae\"><a aria-expanded=\"false\" aria-controls=\"8bb413c5633cb79ae\" role=\"button\" data-toggle=\"collapse\" data-parent=\"#accordion-2604-1\" data-target=\"#8bb413c5633cb79ae\" href=\"#8bb413c5633cb79ae\"><span class=\"fusion-toggle-icon-wrapper\" aria-hidden=\"true\"><i class=\"fa-fusion-box active-icon awb-icon-minus\" aria-hidden=\"true\"><\/i><i class=\"fa-fusion-box inactive-icon awb-icon-plus\" aria-hidden=\"true\"><\/i><\/span><span class=\"fusion-toggle-heading\">\u00bfPODR\u00c9 PARAR A COMPRAR DURANTE EL RECORRIDO?<\/span><\/a><\/h4><\/div><div id=\"8bb413c5633cb79ae\" class=\"panel-collapse collapse \" aria-labelledby=\"toggle_8bb413c5633cb79ae\"><div class=\"panel-body toggle-content fusion-clearfix\">Nuestra prioridad en estos itinerarios es degustar nuestra gastronom\u00eda y conocer lugares a los que de otra manera dif\u00edcilmente podr\u00edas llegar. No obstante, en la mayor\u00eda de los casos, s\u00ed se podr\u00e1, siempre teniendo en cuenta las necesidades del grupo. Si no fuese posible, te pondremos en contacto con el establecimiento y te explicaremos c\u00f3mo volver una vez termine el tour.<\/div><\/div><\/div><div class=\"fusion-panel panel-default panel-db0b187e302a0b8fc fusion-toggle-no-divider\"><div class=\"panel-heading\"><h4 class=\"panel-title toggle\" id=\"toggle_db0b187e302a0b8fc\"><a aria-expanded=\"false\" aria-controls=\"db0b187e302a0b8fc\" role=\"button\" data-toggle=\"collapse\" data-parent=\"#accordion-2604-1\" data-target=\"#db0b187e302a0b8fc\" href=\"#db0b187e302a0b8fc\"><span class=\"fusion-toggle-icon-wrapper\" aria-hidden=\"true\"><i class=\"fa-fusion-box active-icon awb-icon-minus\" aria-hidden=\"true\"><\/i><i class=\"fa-fusion-box inactive-icon awb-icon-plus\" aria-hidden=\"true\"><\/i><\/span><span class=\"fusion-toggle-heading\">\u00bfTENDR\u00c9 ACCESO A LAS RECETAS DE LOS PLATOS QUE COCINEMOS EN LOS TALLERES?<\/span><\/a><\/h4><\/div><div id=\"db0b187e302a0b8fc\" class=\"panel-collapse collapse \" aria-labelledby=\"toggle_db0b187e302a0b8fc\"><div class=\"panel-body toggle-content fusion-clearfix\">Nuestros talleres y tours incluyen: &#8211; Ficha de recetas, &#8211; Ficha de los lugares visitados, &#8211; Fichas de los productos locales y su historia<\/div><\/div><\/div><div class=\"fusion-panel panel-default panel-1276640f9680bafd5 fusion-toggle-no-divider\"><div class=\"panel-heading\"><h4 class=\"panel-title toggle\" id=\"toggle_1276640f9680bafd5\"><a aria-expanded=\"false\" aria-controls=\"1276640f9680bafd5\" role=\"button\" data-toggle=\"collapse\" data-parent=\"#accordion-2604-1\" data-target=\"#1276640f9680bafd5\" href=\"#1276640f9680bafd5\"><span class=\"fusion-toggle-icon-wrapper\" aria-hidden=\"true\"><i class=\"fa-fusion-box active-icon awb-icon-minus\" aria-hidden=\"true\"><\/i><i class=\"fa-fusion-box inactive-icon awb-icon-plus\" aria-hidden=\"true\"><\/i><\/span><span class=\"fusion-toggle-heading\">\u00bfPUEDO IR CON NI\u00d1OS?<\/span><\/a><\/h4><\/div><div id=\"1276640f9680bafd5\" class=\"panel-collapse collapse \" aria-labelledby=\"toggle_1276640f9680bafd5\"><div class=\"panel-body toggle-content fusion-clearfix\">Inicialmente, nuestras actividades no est\u00e1n ideadas para ni\u00f1os. Sin embargo podemos ofrecerte una amplia variedad de propuestas alternativas para que los peque\u00f1os se diviertan durante el tiempo que dura el tour.<\/div><\/div><\/div><div class=\"fusion-panel panel-default panel-b47650d74aabc58e6 fusion-toggle-no-divider\"><div class=\"panel-heading\"><h4 class=\"panel-title toggle\" id=\"toggle_b47650d74aabc58e6\"><a aria-expanded=\"false\" aria-controls=\"b47650d74aabc58e6\" role=\"button\" data-toggle=\"collapse\" data-parent=\"#accordion-2604-1\" data-target=\"#b47650d74aabc58e6\" href=\"#b47650d74aabc58e6\"><span class=\"fusion-toggle-icon-wrapper\" aria-hidden=\"true\"><i class=\"fa-fusion-box active-icon awb-icon-minus\" aria-hidden=\"true\"><\/i><i class=\"fa-fusion-box inactive-icon awb-icon-plus\" aria-hidden=\"true\"><\/i><\/span><span class=\"fusion-toggle-heading\">\u00bfSON LAS ACTIVIDADES ACCESIBLES PARA PERSONAS CON MOVILIDAD REDUCIDA?<\/span><\/a><\/h4><\/div><div id=\"b47650d74aabc58e6\" class=\"panel-collapse collapse \" aria-labelledby=\"toggle_b47650d74aabc58e6\"><div class=\"panel-body toggle-content fusion-clearfix\">SFS ofrece servicios y actividades que se desarrollan en entornos parcial o totalmente accesibles. Nuestro esfuerzo desde la definici\u00f3n de cada tour o actividad es que se trate de un servicio para todos, valorando las condiciones de acceso, circulaci\u00f3n y uso de las instalaciones de cada uno de los establecimientos. Por favor, cons\u00faltanos.<\/div><\/div><\/div><\/div><\/div><\/div><\/div><div class=\"fusion-layout-column fusion_builder_column_inner fusion-builder-nested-column-3 fusion_builder_column_inner_1_4 1_4 fusion-flex-column\" style=\"--awb-bg-size:cover;--awb-width-large:25%;--awb-margin-top-large:0px;--awb-spacing-right-large:7.68%;--awb-margin-bottom-large:20px;--awb-spacing-left-large:7.68%;--awb-width-medium:100%;--awb-spacing-right-medium:1.92%;--awb-spacing-left-medium:1.92%;--awb-width-small:100%;--awb-spacing-right-small:1.92%;--awb-spacing-left-small:1.92%;\"><div class=\"fusion-column-wrapper fusion-flex-justify-content-flex-start fusion-content-layout-column\"><\/div><\/div><\/div><\/div><\/div><div class=\"fusion-layout-column fusion_builder_column fusion-builder-column-3 fusion_builder_column_1_1 1_1 fusion-flex-column fusion-flex-align-self-flex-start fusion-column-no-min-height\" style=\"--awb-bg-size:cover;--awb-width-large:100%;--awb-flex-grow:0;--awb-flex-shrink:0;--awb-margin-top-large:0px;--awb-spacing-right-large:1.92%;--awb-margin-bottom-large:0px;--awb-spacing-left-large:1.92%;--awb-width-medium:100%;--awb-flex-grow-medium:0;--awb-flex-shrink-medium:0;--awb-spacing-right-medium:1.92%;--awb-spacing-left-medium:1.92%;--awb-width-small:100%;--awb-flex-grow-small:0;--awb-flex-shrink-small:0;--awb-spacing-right-small:1.92%;--awb-spacing-left-small:1.92%;\"><div class=\"fusion-column-wrapper fusion-flex-justify-content-flex-start fusion-content-layout-column\"><div class=\"fusion-builder-row fusion-builder-row-inner fusion-row fusion-flex-align-items-flex-start fusion-flex-content-wrap\" style=\"--awb-flex-grow:0;--awb-flex-grow-medium:0;--awb-flex-grow-small:0;--awb-flex-shrink:0;--awb-flex-shrink-medium:0;--awb-flex-shrink-small:0;width:104% !important;max-width:104% !important;margin-left: calc(-4% \/ 2 );margin-right: calc(-4% \/ 2 );\"><div class=\"fusion-layout-column fusion_builder_column_inner fusion-builder-nested-column-4 fusion_builder_column_inner_1_1 1_1 fusion-flex-column fusion-flex-align-self-flex-start fusion-column-no-min-height\" style=\"--awb-bg-size:cover;--awb-width-large:100%;--awb-margin-top-large:0px;--awb-spacing-right-large:1.92%;--awb-margin-bottom-large:0px;--awb-spacing-left-large:1.92%;--awb-width-medium:100%;--awb-spacing-right-medium:1.92%;--awb-spacing-left-medium:1.92%;--awb-width-small:100%;--awb-spacing-right-small:1.92%;--awb-spacing-left-small:1.92%;\"><div class=\"fusion-column-wrapper fusion-flex-justify-content-flex-start fusion-content-layout-column\"><div class=\"fusion-separator fusion-full-width-sep\" style=\"align-self: center;margin-left: auto;margin-right: auto;margin-top:30px;margin-bottom:70px;width:100%;\"><\/div><\/div><\/div><\/div><\/div><\/div><\/div>[\/fusion_builder_row]<\/div><\/div>\n","protected":false},"excerpt":{"rendered":"","protected":false},"author":2,"featured_media":0,"parent":0,"menu_order":0,"comment_status":"open","ping_status":"open","template":"100-width.php","meta":{"footnotes":""},"class_list":["post-2604","page","type-page","status-publish","hentry"],"yoast_head":"<!-- This site is optimized with the Yoast SEO plugin v27.3 - https:\/\/yoast.com\/product\/yoast-seo-wordpress\/ -->\n<title>FAQ<\/title>\n<meta name=\"robots\" content=\"index, follow, max-snippet:-1, max-image-preview:large, max-video-preview:-1\" \/>\n<link rel=\"canonical\" href=\"https:\/\/www.spainfoodsherpas.com\/es\/faq\/\" \/>\n<meta property=\"og:locale\" content=\"es_ES\" \/>\n<meta property=\"og:type\" content=\"article\" \/>\n<meta property=\"og:title\" content=\"FAQ\" \/>\n<meta property=\"og:url\" content=\"https:\/\/www.spainfoodsherpas.com\/es\/faq\/\" \/>\n<meta property=\"og:site_name\" content=\"Spain Food Sherpas\" \/>\n<meta property=\"article:publisher\" content=\"https:\/\/www.facebook.com\/spainfoodsherpas\" \/>\n<meta property=\"article:modified_time\" content=\"2016-10-16T09:23:29+00:00\" \/>\n<meta property=\"og:image\" content=\"https:\/\/www.spainfoodsherpas.com\/sfs\/wp-content\/uploads\/2015\/08\/FOOD-MARKET-VISIT.jpg\" \/>\n\t<meta property=\"og:image:width\" content=\"526\" \/>\n\t<meta property=\"og:image:height\" content=\"351\" \/>\n\t<meta property=\"og:image:type\" content=\"image\/jpeg\" \/>\n<meta name=\"twitter:card\" content=\"summary_large_image\" \/>\n<meta name=\"twitter:label1\" content=\"Tiempo de lectura\" \/>\n\t<meta name=\"twitter:data1\" content=\"6 minutos\" \/>\n<script type=\"application\/ld+json\" class=\"yoast-schema-graph\">{\"@context\":\"https:\\\/\\\/schema.org\",\"@graph\":[{\"@type\":\"WebPage\",\"@id\":\"https:\\\/\\\/www.spainfoodsherpas.com\\\/es\\\/faq\\\/\",\"url\":\"https:\\\/\\\/www.spainfoodsherpas.com\\\/es\\\/faq\\\/\",\"name\":\"FAQ\",\"isPartOf\":{\"@id\":\"https:\\\/\\\/www.spainfoodsherpas.com\\\/#website\"},\"datePublished\":\"2015-07-20T11:27:28+00:00\",\"dateModified\":\"2016-10-16T09:23:29+00:00\",\"breadcrumb\":{\"@id\":\"https:\\\/\\\/www.spainfoodsherpas.com\\\/es\\\/faq\\\/#breadcrumb\"},\"inLanguage\":\"es\",\"potentialAction\":[{\"@type\":\"ReadAction\",\"target\":[\"https:\\\/\\\/www.spainfoodsherpas.com\\\/es\\\/faq\\\/\"]}]},{\"@type\":\"BreadcrumbList\",\"@id\":\"https:\\\/\\\/www.spainfoodsherpas.com\\\/es\\\/faq\\\/#breadcrumb\",\"itemListElement\":[{\"@type\":\"ListItem\",\"position\":1,\"name\":\"Home\",\"item\":\"https:\\\/\\\/www.spainfoodsherpas.com\\\/es\\\/\"},{\"@type\":\"ListItem\",\"position\":2,\"name\":\"FAQ\"}]},{\"@type\":\"WebSite\",\"@id\":\"https:\\\/\\\/www.spainfoodsherpas.com\\\/#website\",\"url\":\"https:\\\/\\\/www.spainfoodsherpas.com\\\/\",\"name\":\"Spain Food Sherpas\",\"description\":\"Food Travel Experiences\",\"potentialAction\":[{\"@type\":\"SearchAction\",\"target\":{\"@type\":\"EntryPoint\",\"urlTemplate\":\"https:\\\/\\\/www.spainfoodsherpas.com\\\/?s={search_term_string}\"},\"query-input\":{\"@type\":\"PropertyValueSpecification\",\"valueRequired\":true,\"valueName\":\"search_term_string\"}}],\"inLanguage\":\"es\"}]}<\/script>\n<!-- \/ Yoast SEO plugin. -->","yoast_head_json":{"title":"FAQ","robots":{"index":"index","follow":"follow","max-snippet":"max-snippet:-1","max-image-preview":"max-image-preview:large","max-video-preview":"max-video-preview:-1"},"canonical":"https:\/\/www.spainfoodsherpas.com\/es\/faq\/","og_locale":"es_ES","og_type":"article","og_title":"FAQ","og_url":"https:\/\/www.spainfoodsherpas.com\/es\/faq\/","og_site_name":"Spain Food Sherpas","article_publisher":"https:\/\/www.facebook.com\/spainfoodsherpas","article_modified_time":"2016-10-16T09:23:29+00:00","og_image":[{"width":526,"height":351,"url":"https:\/\/www.spainfoodsherpas.com\/sfs\/wp-content\/uploads\/2015\/08\/FOOD-MARKET-VISIT.jpg","type":"image\/jpeg"}],"twitter_card":"summary_large_image","twitter_misc":{"Tiempo de lectura":"6 minutos"},"schema":{"@context":"https:\/\/schema.org","@graph":[{"@type":"WebPage","@id":"https:\/\/www.spainfoodsherpas.com\/es\/faq\/","url":"https:\/\/www.spainfoodsherpas.com\/es\/faq\/","name":"FAQ","isPartOf":{"@id":"https:\/\/www.spainfoodsherpas.com\/#website"},"datePublished":"2015-07-20T11:27:28+00:00","dateModified":"2016-10-16T09:23:29+00:00","breadcrumb":{"@id":"https:\/\/www.spainfoodsherpas.com\/es\/faq\/#breadcrumb"},"inLanguage":"es","potentialAction":[{"@type":"ReadAction","target":["https:\/\/www.spainfoodsherpas.com\/es\/faq\/"]}]},{"@type":"BreadcrumbList","@id":"https:\/\/www.spainfoodsherpas.com\/es\/faq\/#breadcrumb","itemListElement":[{"@type":"ListItem","position":1,"name":"Home","item":"https:\/\/www.spainfoodsherpas.com\/es\/"},{"@type":"ListItem","position":2,"name":"FAQ"}]},{"@type":"WebSite","@id":"https:\/\/www.spainfoodsherpas.com\/#website","url":"https:\/\/www.spainfoodsherpas.com\/","name":"Spain Food Sherpas","description":"Food Travel Experiences","potentialAction":[{"@type":"SearchAction","target":{"@type":"EntryPoint","urlTemplate":"https:\/\/www.spainfoodsherpas.com\/?s={search_term_string}"},"query-input":{"@type":"PropertyValueSpecification","valueRequired":true,"valueName":"search_term_string"}}],"inLanguage":"es"}]}},"_links":{"self":[{"href":"https:\/\/www.spainfoodsherpas.com\/es\/wp-json\/wp\/v2\/pages\/2604","targetHints":{"allow":["GET"]}}],"collection":[{"href":"https:\/\/www.spainfoodsherpas.com\/es\/wp-json\/wp\/v2\/pages"}],"about":[{"href":"https:\/\/www.spainfoodsherpas.com\/es\/wp-json\/wp\/v2\/types\/page"}],"author":[{"embeddable":true,"href":"https:\/\/www.spainfoodsherpas.com\/es\/wp-json\/wp\/v2\/users\/2"}],"replies":[{"embeddable":true,"href":"https:\/\/www.spainfoodsherpas.com\/es\/wp-json\/wp\/v2\/comments?post=2604"}],"version-history":[{"count":7,"href":"https:\/\/www.spainfoodsherpas.com\/es\/wp-json\/wp\/v2\/pages\/2604\/revisions"}],"predecessor-version":[{"id":9441,"href":"https:\/\/www.spainfoodsherpas.com\/es\/wp-json\/wp\/v2\/pages\/2604\/revisions\/9441"}],"wp:attachment":[{"href":"https:\/\/www.spainfoodsherpas.com\/es\/wp-json\/wp\/v2\/media?parent=2604"}],"curies":[{"name":"wp","href":"https:\/\/api.w.org\/{rel}","templated":true}]}}