
{"id":2531,"date":"2015-07-18T09:32:37","date_gmt":"2015-07-18T09:32:37","guid":{"rendered":"http:\/\/www.andaluciafoodsherpas.com\/?page_id=2531"},"modified":"2016-10-16T09:22:22","modified_gmt":"2016-10-16T09:22:22","slug":"actividades-culinarias-exclusivas-malaga","status":"publish","type":"page","link":"https:\/\/www.spainfoodsherpas.com\/es\/actividades-culinarias-exclusivas-malaga\/","title":{"rendered":"Experiencias culinarias exlusivas en M\u00e1laga"},"content":{"rendered":"<p><div class=\"fusion-fullwidth fullwidth-box fusion-builder-row-1 fusion-flex-container hundred-percent-fullwidth non-hundred-percent-height-scrolling\" style=\"--awb-background-position:left top;--awb-background-repeat:repeat;--awb-border-radius-top-left:0px;--awb-border-radius-top-right:0px;--awb-border-radius-bottom-right:0px;--awb-border-radius-bottom-left:0px;--awb-padding-top:20px;--awb-padding-right:0px;--awb-padding-bottom:0px;--awb-padding-left:0px;--awb-border-sizes-top:0px;--awb-border-sizes-bottom:0px;--awb-flex-wrap:wrap;\" ><div class=\"fusion-builder-row fusion-row fusion-flex-align-items-flex-start fusion-flex-content-wrap\" style=\"width:calc( 100% + 0px ) !important;max-width:calc( 100% + 0px ) !important;margin-left: calc(-0px \/ 2 );margin-right: calc(-0px \/ 2 );\"><div class=\"fusion-layout-column fusion_builder_column fusion-builder-column-0 fusion_builder_column_1_4 1_4 fusion-flex-column\" style=\"--awb-bg-size:cover;--awb-width-large:25%;--awb-margin-top-large:0px;--awb-spacing-right-large:0px;--awb-margin-bottom-large:20px;--awb-spacing-left-large:0px;--awb-width-medium:100%;--awb-spacing-right-medium:0px;--awb-spacing-left-medium:0px;--awb-width-small:100%;--awb-spacing-right-small:0px;--awb-spacing-left-small:0px;\"><div class=\"fusion-column-wrapper fusion-flex-justify-content-flex-start fusion-content-layout-column\"><div class=\"fusion-image-element \" style=\"--awb-caption-title-font-family:var(--h2_typography-font-family);--awb-caption-title-font-weight:var(--h2_typography-font-weight);--awb-caption-title-font-style:var(--h2_typography-font-style);--awb-caption-title-size:var(--h2_typography-font-size);--awb-caption-title-transform:var(--h2_typography-text-transform);--awb-caption-title-line-height:var(--h2_typography-line-height);--awb-caption-title-letter-spacing:var(--h2_typography-letter-spacing);\"><span class=\" fusion-imageframe imageframe-none imageframe-1 hover-type-none\"><img decoding=\"async\" width=\"526\" height=\"351\" title=\"vineyard_axarquia\" src=\"https:\/\/www.spainfoodsherpas.com\/sfs\/wp-content\/uploads\/2015\/07\/vineyard_axarquia.jpg\" data-orig-src=\"https:\/\/www.spainfoodsherpas.com\/sfs\/wp-content\/uploads\/2015\/07\/vineyard_axarquia.jpg\" alt class=\"lazyload img-responsive wp-image-5721\" srcset=\"data:image\/svg+xml,%3Csvg%20xmlns%3D%27http%3A%2F%2Fwww.w3.org%2F2000%2Fsvg%27%20width%3D%27526%27%20height%3D%27351%27%20viewBox%3D%270%200%20526%20351%27%3E%3Crect%20width%3D%27526%27%20height%3D%27351%27%20fill-opacity%3D%220%22%2F%3E%3C%2Fsvg%3E\" data-srcset=\"https:\/\/www.spainfoodsherpas.com\/sfs\/wp-content\/uploads\/2015\/07\/vineyard_axarquia-200x133.jpg 200w, https:\/\/www.spainfoodsherpas.com\/sfs\/wp-content\/uploads\/2015\/07\/vineyard_axarquia-400x267.jpg 400w, https:\/\/www.spainfoodsherpas.com\/sfs\/wp-content\/uploads\/2015\/07\/vineyard_axarquia.jpg 526w\" data-sizes=\"auto\" data-orig-sizes=\"(max-width: 1024px) 100vw, (max-width: 640px) 100vw, 400px\" \/><\/span><\/div><\/div><\/div><div class=\"fusion-layout-column fusion_builder_column fusion-builder-column-1 fusion_builder_column_1_4 1_4 fusion-flex-column\" style=\"--awb-bg-size:cover;--awb-width-large:25%;--awb-margin-top-large:0px;--awb-spacing-right-large:0px;--awb-margin-bottom-large:20px;--awb-spacing-left-large:0px;--awb-width-medium:100%;--awb-spacing-right-medium:0px;--awb-spacing-left-medium:0px;--awb-width-small:100%;--awb-spacing-right-small:0px;--awb-spacing-left-small:0px;\"><div class=\"fusion-column-wrapper fusion-flex-justify-content-flex-start fusion-content-layout-column\"><div class=\"fusion-image-element \" style=\"--awb-caption-title-font-family:var(--h2_typography-font-family);--awb-caption-title-font-weight:var(--h2_typography-font-weight);--awb-caption-title-font-style:var(--h2_typography-font-style);--awb-caption-title-size:var(--h2_typography-font-size);--awb-caption-title-transform:var(--h2_typography-text-transform);--awb-caption-title-line-height:var(--h2_typography-line-height);--awb-caption-title-letter-spacing:var(--h2_typography-letter-spacing);\"><span class=\" fusion-imageframe imageframe-none imageframe-2 hover-type-none\"><img decoding=\"async\" width=\"526\" height=\"351\" title=\"jorge ordo\u00f1ez wine\" src=\"https:\/\/www.spainfoodsherpas.com\/sfs\/wp-content\/uploads\/2015\/07\/jorge_ordo\u00f1ez_wine.jpg\" data-orig-src=\"https:\/\/www.spainfoodsherpas.com\/sfs\/wp-content\/uploads\/2015\/07\/jorge_ordo\u00f1ez_wine.jpg\" alt class=\"lazyload img-responsive wp-image-5723\" srcset=\"data:image\/svg+xml,%3Csvg%20xmlns%3D%27http%3A%2F%2Fwww.w3.org%2F2000%2Fsvg%27%20width%3D%27526%27%20height%3D%27351%27%20viewBox%3D%270%200%20526%20351%27%3E%3Crect%20width%3D%27526%27%20height%3D%27351%27%20fill-opacity%3D%220%22%2F%3E%3C%2Fsvg%3E\" data-srcset=\"https:\/\/www.spainfoodsherpas.com\/sfs\/wp-content\/uploads\/2015\/07\/jorge_ordo\u00f1ez_wine-200x133.jpg 200w, https:\/\/www.spainfoodsherpas.com\/sfs\/wp-content\/uploads\/2015\/07\/jorge_ordo\u00f1ez_wine-400x267.jpg 400w, https:\/\/www.spainfoodsherpas.com\/sfs\/wp-content\/uploads\/2015\/07\/jorge_ordo\u00f1ez_wine.jpg 526w\" data-sizes=\"auto\" data-orig-sizes=\"(max-width: 1024px) 100vw, (max-width: 640px) 100vw, 400px\" \/><\/span><\/div><\/div><\/div><div class=\"fusion-layout-column fusion_builder_column fusion-builder-column-2 fusion_builder_column_1_4 1_4 fusion-flex-column\" style=\"--awb-bg-size:cover;--awb-width-large:25%;--awb-margin-top-large:0px;--awb-spacing-right-large:0px;--awb-margin-bottom-large:20px;--awb-spacing-left-large:0px;--awb-width-medium:100%;--awb-spacing-right-medium:0px;--awb-spacing-left-medium:0px;--awb-width-small:100%;--awb-spacing-right-small:0px;--awb-spacing-left-small:0px;\"><div class=\"fusion-column-wrapper fusion-flex-justify-content-flex-start fusion-content-layout-column\"><div class=\"fusion-image-element \" style=\"--awb-caption-title-font-family:var(--h2_typography-font-family);--awb-caption-title-font-weight:var(--h2_typography-font-weight);--awb-caption-title-font-style:var(--h2_typography-font-style);--awb-caption-title-size:var(--h2_typography-font-size);--awb-caption-title-transform:var(--h2_typography-text-transform);--awb-caption-title-line-height:var(--h2_typography-line-height);--awb-caption-title-letter-spacing:var(--h2_typography-letter-spacing);\"><span class=\" fusion-imageframe imageframe-none imageframe-3 hover-type-none\"><img decoding=\"async\" width=\"526\" height=\"351\" title=\"malaga private food tours\" src=\"https:\/\/www.spainfoodsherpas.com\/sfs\/wp-content\/uploads\/2015\/07\/luxury_food_tours.jpg\" data-orig-src=\"https:\/\/www.spainfoodsherpas.com\/sfs\/wp-content\/uploads\/2015\/07\/luxury_food_tours.jpg\" alt class=\"lazyload img-responsive wp-image-5725\" srcset=\"data:image\/svg+xml,%3Csvg%20xmlns%3D%27http%3A%2F%2Fwww.w3.org%2F2000%2Fsvg%27%20width%3D%27526%27%20height%3D%27351%27%20viewBox%3D%270%200%20526%20351%27%3E%3Crect%20width%3D%27526%27%20height%3D%27351%27%20fill-opacity%3D%220%22%2F%3E%3C%2Fsvg%3E\" data-srcset=\"https:\/\/www.spainfoodsherpas.com\/sfs\/wp-content\/uploads\/2015\/07\/luxury_food_tours-200x133.jpg 200w, https:\/\/www.spainfoodsherpas.com\/sfs\/wp-content\/uploads\/2015\/07\/luxury_food_tours-400x267.jpg 400w, https:\/\/www.spainfoodsherpas.com\/sfs\/wp-content\/uploads\/2015\/07\/luxury_food_tours.jpg 526w\" data-sizes=\"auto\" data-orig-sizes=\"(max-width: 1024px) 100vw, (max-width: 640px) 100vw, 400px\" \/><\/span><\/div><\/div><\/div><div class=\"fusion-layout-column fusion_builder_column fusion-builder-column-3 fusion_builder_column_1_4 1_4 fusion-flex-column\" style=\"--awb-bg-size:cover;--awb-width-large:25%;--awb-margin-top-large:0px;--awb-spacing-right-large:0px;--awb-margin-bottom-large:20px;--awb-spacing-left-large:0px;--awb-width-medium:100%;--awb-spacing-right-medium:0px;--awb-spacing-left-medium:0px;--awb-width-small:100%;--awb-spacing-right-small:0px;--awb-spacing-left-small:0px;\"><div class=\"fusion-column-wrapper fusion-flex-justify-content-flex-start fusion-content-layout-column\"><div class=\"fusion-image-element \" style=\"--awb-caption-title-font-family:var(--h2_typography-font-family);--awb-caption-title-font-weight:var(--h2_typography-font-weight);--awb-caption-title-font-style:var(--h2_typography-font-style);--awb-caption-title-size:var(--h2_typography-font-size);--awb-caption-title-transform:var(--h2_typography-text-transform);--awb-caption-title-line-height:var(--h2_typography-line-height);--awb-caption-title-letter-spacing:var(--h2_typography-letter-spacing);\"><span class=\" fusion-imageframe imageframe-none imageframe-4 hover-type-none\"><a class=\"fusion-no-lightbox\" href=\"https:\/\/www.spainfoodsherpas.com\/sfs\/wp-content\/uploads\/2015\/07\/mangos_organic.jpg\" target=\"_self\" aria-label=\"malaga mangos organic\"><img decoding=\"async\" width=\"526\" height=\"351\" src=\"https:\/\/www.spainfoodsherpas.com\/sfs\/wp-content\/uploads\/2015\/07\/mangos_organic.jpg\" data-orig-src=\"https:\/\/www.spainfoodsherpas.com\/sfs\/wp-content\/uploads\/2015\/07\/mangos_organic.jpg\" alt class=\"lazyload img-responsive wp-image-5727\" srcset=\"data:image\/svg+xml,%3Csvg%20xmlns%3D%27http%3A%2F%2Fwww.w3.org%2F2000%2Fsvg%27%20width%3D%27526%27%20height%3D%27351%27%20viewBox%3D%270%200%20526%20351%27%3E%3Crect%20width%3D%27526%27%20height%3D%27351%27%20fill-opacity%3D%220%22%2F%3E%3C%2Fsvg%3E\" data-srcset=\"https:\/\/www.spainfoodsherpas.com\/sfs\/wp-content\/uploads\/2015\/07\/mangos_organic-200x133.jpg 200w, https:\/\/www.spainfoodsherpas.com\/sfs\/wp-content\/uploads\/2015\/07\/mangos_organic-400x267.jpg 400w, https:\/\/www.spainfoodsherpas.com\/sfs\/wp-content\/uploads\/2015\/07\/mangos_organic.jpg 526w\" data-sizes=\"auto\" data-orig-sizes=\"(max-width: 1024px) 100vw, (max-width: 640px) 100vw, 400px\" \/><\/a><\/span><\/div><\/div><\/div><\/div><\/div><div class=\"fusion-fullwidth fullwidth-box fusion-builder-row-2 fusion-flex-container nonhundred-percent-fullwidth non-hundred-percent-height-scrolling\" style=\"--awb-background-position:left top;--awb-background-repeat:repeat;--awb-border-radius-top-left:0px;--awb-border-radius-top-right:0px;--awb-border-radius-bottom-right:0px;--awb-border-radius-bottom-left:0px;--awb-padding-top:0px;--awb-padding-right:0px;--awb-padding-bottom:20px;--awb-padding-left:0px;--awb-border-sizes-top:0px;--awb-border-sizes-bottom:0px;--awb-flex-wrap:wrap;\" ><div class=\"fusion-builder-row fusion-row fusion-flex-align-items-flex-start fusion-flex-content-wrap\" style=\"max-width:1216.8px;margin-left: calc(-4% \/ 2 );margin-right: calc(-4% \/ 2 );\"><div class=\"fusion-layout-column fusion_builder_column fusion-builder-column-4 fusion_builder_column_1_1 1_1 fusion-flex-column fusion-flex-align-self-flex-start fusion-column-no-min-height\" style=\"--awb-bg-size:cover;--awb-width-large:100%;--awb-margin-top-large:0px;--awb-spacing-right-large:1.92%;--awb-margin-bottom-large:0px;--awb-spacing-left-large:1.92%;--awb-width-medium:100%;--awb-spacing-right-medium:1.92%;--awb-spacing-left-medium:1.92%;--awb-width-small:100%;--awb-spacing-right-small:1.92%;--awb-spacing-left-small:1.92%;\"><div class=\"fusion-column-wrapper fusion-flex-justify-content-flex-start fusion-content-layout-column\"><div class=\"fusion-text fusion-text-1\"><div class=\"tour_titulo\">\n<h1>EXPERIENCIAS CULINARIAS EN M\u00c1LAGA<\/h1>\n<\/div>\n<\/div><\/div><\/div><div class=\"fusion-layout-column fusion_builder_column fusion-builder-column-5 fusion_builder_column_1_3 1_3 fusion-flex-column tours_primera_columna\" style=\"--awb-bg-size:cover;--awb-width-large:33.333333333333%;--awb-margin-top-large:0px;--awb-spacing-right-large:5.76%;--awb-margin-bottom-large:20px;--awb-spacing-left-large:5.76%;--awb-width-medium:100%;--awb-spacing-right-medium:1.92%;--awb-spacing-left-medium:1.92%;--awb-width-small:100%;--awb-spacing-right-small:1.92%;--awb-spacing-left-small:1.92%;\"><div class=\"fusion-column-wrapper fusion-flex-justify-content-flex-start fusion-content-layout-column\"><div class=\"fusion-text fusion-text-2\"><p><span style=\"color: #4e432d;\">Desde el inicio de nuestra actividad, el objetivo de Spain Food Sherpas ha sido dise\u00f1ar experiencias gastron\u00f3mico-culturales privadas y exclusivas a medida de las necesidades y de los gustos de nuestros clientes.<\/span><\/p>\n<p><span style=\"color: #4e432d;\">Productos alejados de lo convencional, de los circuitos tur\u00edsticos usuales y masificados, dirigidos por food-sherpas, expertos especia\u00adlizados en descubrir lo mejor de la gastronom\u00eda y la tradici\u00f3n culinaria del lugar. Personas que creen que la cultura gastron\u00f3mica es parte importante en la historia de un lugar y de su estilo de vida.<\/span><\/p>\n<p><span style=\"color: #4e432d;\">Todas estas actividades han sido desarrolladas cuidando al m\u00e1ximo cada uno de los detalles y primando que la experiencia para el cliente fuera absolutamente \u00fanica y satisfactoria. Este esfuerzo nos ha permitido conocer personalmente a empresarios, cocineros, en\u00f3logos, agricultores y peque\u00f1os comerciantes locales con los que trabajamos actualmente.<\/span><\/p>\n<p><span style=\"color: #4e432d;\">Y siempre acompa\u00f1ando a peque\u00f1os grupos para favorecer, de manera sostenible y respetuosa, una inmersi\u00f3n en la cultura local. Aunando la preservaci\u00f3n de nuestra herencia y el cuidado y respeto absoluto por nuestros valores tradicionales y artesanales, con la innovaci\u00f3n y una alt\u00edsima calidad.<\/span><\/p>\n<\/div><\/div><\/div><div class=\"fusion-layout-column fusion_builder_column fusion-builder-column-6 fusion_builder_column_1_3 1_3 fusion-flex-column borde_tour_izquierdo\" style=\"--awb-bg-size:cover;--awb-width-large:33.333333333333%;--awb-margin-top-large:0px;--awb-spacing-right-large:0px;--awb-margin-bottom-large:20px;--awb-spacing-left-large:5.76%;--awb-width-medium:100%;--awb-spacing-right-medium:1.92%;--awb-spacing-left-medium:1.92%;--awb-width-small:100%;--awb-spacing-right-small:1.92%;--awb-spacing-left-small:1.92%;\"><div class=\"fusion-column-wrapper fusion-flex-justify-content-flex-start fusion-content-layout-column\"><div class=\"fusion-text fusion-text-3\"><p><span style=\"color: #4e432d;\"><br \/>\nAs\u00ed, actualmente, llevamos a cabo rutas gastron\u00f3micas por barrios no tan frecuentados por el viajero como Reding o Pedregalejo. Aprendemos c\u00f3mo elegir el mejor jam\u00f3n ib\u00e9rico de la alacena de un ultramarinos en pleno centro hist\u00f3rico y despu\u00e9s disfrutamos en un peque\u00f1o curso de corte de jam\u00f3n y lo degustamos con una interesante selecci\u00f3n de vinos de Espa\u00f1a.<\/span><\/p>\n<p><span style=\"color: #4e432d;\">Tenemos la oportunidad de conocer como se trabaja la carpinter\u00eda de ribera para construir una embarcaci\u00f3n t\u00edpica malague\u00f1a en un peque\u00f1o astillero; Compramos sardinas y aprendemos a espetarlas en plena playa y asarlas al estilo tradicional a manos de un aut\u00e9ntico experto.<\/span><\/p>\n<p><span style=\"color: #4e432d;\">Disfrutamos de un paseo en una finca especializada en el cultivo de frutas tropicales (mangos, lichis, maracuya, etc.) y despu\u00e9s preparamos y tomamos diferentes aperitivos dulces y salados con la fruta reci\u00e9n recogida en un cortijo andaluz.<\/span><\/p>\n<p><span style=\"color: #4e432d;\">Un en\u00f3logo nos acompa\u00f1a por las escarpadas laderas de las monta\u00f1as de la Axarqu\u00eda para presenciar una de las vendimias m\u00e1s bellas y singulares del mundo y una de las primeras que se realiza cada a\u00f1o en Europa, cosechada a mano en cajas peque\u00f1as y cargadas con la ayuda de mulas.<\/span><\/p>\n<\/div><\/div><\/div><div class=\"fusion-layout-column fusion_builder_column fusion-builder-column-7 fusion_builder_column_1_3 1_3 fusion-flex-column borde_tour_derecho\" style=\"--awb-bg-size:cover;--awb-width-large:33.333333333333%;--awb-margin-top-large:0px;--awb-spacing-right-large:5.76%;--awb-margin-bottom-large:20px;--awb-spacing-left-large:0px;--awb-width-medium:100%;--awb-spacing-right-medium:1.92%;--awb-spacing-left-medium:1.92%;--awb-width-small:100%;--awb-spacing-right-small:1.92%;--awb-spacing-left-small:1.92%;\"><div class=\"fusion-column-wrapper fusion-flex-justify-content-flex-start fusion-content-layout-column\"><div class=\"fusion-text fusion-text-4\"><p><span style=\"color: #4e432d;\">Tenemos el privilegio de participar en una cata privada ofrecida por la bodega,\u00a0 probando vinos de la categor\u00eda de Botani, Botani Garnacha, Jorge Ordo\u00f1ez &amp; Co Selecci\u00f3n Especial N\u00ba1 y Victoria N\u00ba2.<\/span><\/p>\n<p><span style=\"color: #4e432d;\"> Realizamos peque\u00f1as rutas personalizadas en las que compramos una selecci\u00f3n de los mejores productos en peque\u00f1os comercios, ultramarinos y vinacotecas del centro hist\u00f3rico de la ciudad y despu\u00e9s disfrutamos de nuestra &#8216;selecci\u00f3n&#8217; en un patio privado de la antigua casa de un Cardenal del siglo XVIII.<\/span><\/p>\n<\/div><div style=\"text-align:left;\"><a class=\"fusion-button button-flat button-small button-custom fusion-button-default button-1 fusion-button-default-span sfs\" style=\"--button_accent_color:#ffffff;--button_accent_hover_color:#ffffff;--button_border_hover_color:#ffffff;--button_border_width-top:0px;--button_border_width-right:0px;--button_border_width-bottom:0px;--button_border_width-left:0px;--button-border-radius-top-left:0px;--button-border-radius-top-right:0px;--button-border-radius-bottom-right:0px;--button-border-radius-bottom-left:0px;--button_gradient_top_color:#00aeef;--button_gradient_bottom_color:#00aeef;--button_gradient_top_color_hover:#2a77a3;--button_gradient_bottom_color_hover:#2a77a3;\" target=\"_self\" href=\"https:\/\/www.spainfoodsherpas.com\/es\/contacto\/\"><span class=\"fusion-button-text awb-button__text awb-button__text--default\">PREG\u00daNTENOS<\/span><\/a><\/div><\/div><\/div><div class=\"fusion-layout-column fusion_builder_column fusion-builder-column-8 fusion_builder_column_1_1 1_1 fusion-flex-column fusion-flex-align-self-flex-start fusion-column-no-min-height\" style=\"--awb-bg-size:cover;--awb-width-large:100%;--awb-margin-top-large:0px;--awb-spacing-right-large:1.92%;--awb-margin-bottom-large:0px;--awb-spacing-left-large:1.92%;--awb-width-medium:100%;--awb-spacing-right-medium:1.92%;--awb-spacing-left-medium:1.92%;--awb-width-small:100%;--awb-spacing-right-small:1.92%;--awb-spacing-left-small:1.92%;\"><div class=\"fusion-column-wrapper fusion-flex-justify-content-flex-start fusion-content-layout-column\"><div class=\"fusion-separator fusion-full-width-sep\" style=\"align-self: center;margin-left: auto;margin-right: auto;margin-top:40px;margin-bottom:40px;width:100%;\"><\/div><\/div><\/div><\/div><\/div><\/p>\n","protected":false},"excerpt":{"rendered":"","protected":false},"author":2,"featured_media":0,"parent":0,"menu_order":0,"comment_status":"open","ping_status":"open","template":"100-width.php","meta":{"footnotes":""},"class_list":["post-2531","page","type-page","status-publish","hentry"],"yoast_head":"<!-- This site is optimized with the Yoast SEO plugin v27.1.1 - https:\/\/yoast.com\/product\/yoast-seo-wordpress\/ -->\n<title>Experiencias culinarias exlusivas en M\u00e1laga<\/title>\n<meta name=\"robots\" content=\"index, follow, max-snippet:-1, max-image-preview:large, max-video-preview:-1\" \/>\n<link rel=\"canonical\" href=\"https:\/\/www.spainfoodsherpas.com\/es\/actividades-culinarias-exclusivas-malaga\/\" \/>\n<meta property=\"og:locale\" content=\"es_ES\" \/>\n<meta property=\"og:type\" content=\"article\" \/>\n<meta property=\"og:title\" content=\"Experiencias culinarias exlusivas en M\u00e1laga\" \/>\n<meta property=\"og:url\" content=\"https:\/\/www.spainfoodsherpas.com\/es\/actividades-culinarias-exclusivas-malaga\/\" \/>\n<meta property=\"og:site_name\" content=\"Spain Food Sherpas\" \/>\n<meta property=\"article:publisher\" content=\"https:\/\/www.facebook.com\/spainfoodsherpas\" \/>\n<meta property=\"article:modified_time\" content=\"2016-10-16T09:22:22+00:00\" \/>\n<meta property=\"og:image\" content=\"https:\/\/www.spainfoodsherpas.com\/sfs\/wp-content\/uploads\/2015\/07\/vineyard_axarquia.jpg\" \/>\n<meta name=\"twitter:card\" content=\"summary_large_image\" \/>\n<meta name=\"twitter:label1\" content=\"Tiempo de lectura\" \/>\n\t<meta name=\"twitter:data1\" content=\"7 minutos\" \/>\n<script type=\"application\/ld+json\" class=\"yoast-schema-graph\">{\"@context\":\"https:\/\/schema.org\",\"@graph\":[{\"@type\":\"WebPage\",\"@id\":\"https:\/\/www.spainfoodsherpas.com\/es\/actividades-culinarias-exclusivas-malaga\/\",\"url\":\"https:\/\/www.spainfoodsherpas.com\/es\/actividades-culinarias-exclusivas-malaga\/\",\"name\":\"Experiencias culinarias exlusivas en M\u00e1laga\",\"isPartOf\":{\"@id\":\"https:\/\/www.spainfoodsherpas.com\/#website\"},\"primaryImageOfPage\":{\"@id\":\"https:\/\/www.spainfoodsherpas.com\/es\/actividades-culinarias-exclusivas-malaga\/#primaryimage\"},\"image\":{\"@id\":\"https:\/\/www.spainfoodsherpas.com\/es\/actividades-culinarias-exclusivas-malaga\/#primaryimage\"},\"thumbnailUrl\":\"https:\/\/www.spainfoodsherpas.com\/sfs\/wp-content\/uploads\/2015\/07\/vineyard_axarquia.jpg\",\"datePublished\":\"2015-07-18T09:32:37+00:00\",\"dateModified\":\"2016-10-16T09:22:22+00:00\",\"breadcrumb\":{\"@id\":\"https:\/\/www.spainfoodsherpas.com\/es\/actividades-culinarias-exclusivas-malaga\/#breadcrumb\"},\"inLanguage\":\"es\",\"potentialAction\":[{\"@type\":\"ReadAction\",\"target\":[\"https:\/\/www.spainfoodsherpas.com\/es\/actividades-culinarias-exclusivas-malaga\/\"]}]},{\"@type\":\"ImageObject\",\"inLanguage\":\"es\",\"@id\":\"https:\/\/www.spainfoodsherpas.com\/es\/actividades-culinarias-exclusivas-malaga\/#primaryimage\",\"url\":\"https:\/\/www.spainfoodsherpas.com\/sfs\/wp-content\/uploads\/2015\/07\/vineyard_axarquia.jpg\",\"contentUrl\":\"https:\/\/www.spainfoodsherpas.com\/sfs\/wp-content\/uploads\/2015\/07\/vineyard_axarquia.jpg\"},{\"@type\":\"BreadcrumbList\",\"@id\":\"https:\/\/www.spainfoodsherpas.com\/es\/actividades-culinarias-exclusivas-malaga\/#breadcrumb\",\"itemListElement\":[{\"@type\":\"ListItem\",\"position\":1,\"name\":\"Home\",\"item\":\"https:\/\/www.spainfoodsherpas.com\/es\/\"},{\"@type\":\"ListItem\",\"position\":2,\"name\":\"Experiencias culinarias exlusivas en M\u00e1laga\"}]},{\"@type\":\"WebSite\",\"@id\":\"https:\/\/www.spainfoodsherpas.com\/#website\",\"url\":\"https:\/\/www.spainfoodsherpas.com\/\",\"name\":\"Spain Food Sherpas\",\"description\":\"Food Travel Experiences\",\"potentialAction\":[{\"@type\":\"SearchAction\",\"target\":{\"@type\":\"EntryPoint\",\"urlTemplate\":\"https:\/\/www.spainfoodsherpas.com\/?s={search_term_string}\"},\"query-input\":{\"@type\":\"PropertyValueSpecification\",\"valueRequired\":true,\"valueName\":\"search_term_string\"}}],\"inLanguage\":\"es\"}]}<\/script>\n<!-- \/ Yoast SEO plugin. -->","yoast_head_json":{"title":"Experiencias culinarias exlusivas en M\u00e1laga","robots":{"index":"index","follow":"follow","max-snippet":"max-snippet:-1","max-image-preview":"max-image-preview:large","max-video-preview":"max-video-preview:-1"},"canonical":"https:\/\/www.spainfoodsherpas.com\/es\/actividades-culinarias-exclusivas-malaga\/","og_locale":"es_ES","og_type":"article","og_title":"Experiencias culinarias exlusivas en M\u00e1laga","og_url":"https:\/\/www.spainfoodsherpas.com\/es\/actividades-culinarias-exclusivas-malaga\/","og_site_name":"Spain Food Sherpas","article_publisher":"https:\/\/www.facebook.com\/spainfoodsherpas","article_modified_time":"2016-10-16T09:22:22+00:00","og_image":[{"url":"https:\/\/www.spainfoodsherpas.com\/sfs\/wp-content\/uploads\/2015\/07\/vineyard_axarquia.jpg","type":"","width":"","height":""}],"twitter_card":"summary_large_image","twitter_misc":{"Tiempo de lectura":"7 minutos"},"schema":{"@context":"https:\/\/schema.org","@graph":[{"@type":"WebPage","@id":"https:\/\/www.spainfoodsherpas.com\/es\/actividades-culinarias-exclusivas-malaga\/","url":"https:\/\/www.spainfoodsherpas.com\/es\/actividades-culinarias-exclusivas-malaga\/","name":"Experiencias culinarias exlusivas en M\u00e1laga","isPartOf":{"@id":"https:\/\/www.spainfoodsherpas.com\/#website"},"primaryImageOfPage":{"@id":"https:\/\/www.spainfoodsherpas.com\/es\/actividades-culinarias-exclusivas-malaga\/#primaryimage"},"image":{"@id":"https:\/\/www.spainfoodsherpas.com\/es\/actividades-culinarias-exclusivas-malaga\/#primaryimage"},"thumbnailUrl":"https:\/\/www.spainfoodsherpas.com\/sfs\/wp-content\/uploads\/2015\/07\/vineyard_axarquia.jpg","datePublished":"2015-07-18T09:32:37+00:00","dateModified":"2016-10-16T09:22:22+00:00","breadcrumb":{"@id":"https:\/\/www.spainfoodsherpas.com\/es\/actividades-culinarias-exclusivas-malaga\/#breadcrumb"},"inLanguage":"es","potentialAction":[{"@type":"ReadAction","target":["https:\/\/www.spainfoodsherpas.com\/es\/actividades-culinarias-exclusivas-malaga\/"]}]},{"@type":"ImageObject","inLanguage":"es","@id":"https:\/\/www.spainfoodsherpas.com\/es\/actividades-culinarias-exclusivas-malaga\/#primaryimage","url":"https:\/\/www.spainfoodsherpas.com\/sfs\/wp-content\/uploads\/2015\/07\/vineyard_axarquia.jpg","contentUrl":"https:\/\/www.spainfoodsherpas.com\/sfs\/wp-content\/uploads\/2015\/07\/vineyard_axarquia.jpg"},{"@type":"BreadcrumbList","@id":"https:\/\/www.spainfoodsherpas.com\/es\/actividades-culinarias-exclusivas-malaga\/#breadcrumb","itemListElement":[{"@type":"ListItem","position":1,"name":"Home","item":"https:\/\/www.spainfoodsherpas.com\/es\/"},{"@type":"ListItem","position":2,"name":"Experiencias culinarias exlusivas en M\u00e1laga"}]},{"@type":"WebSite","@id":"https:\/\/www.spainfoodsherpas.com\/#website","url":"https:\/\/www.spainfoodsherpas.com\/","name":"Spain Food Sherpas","description":"Food Travel Experiences","potentialAction":[{"@type":"SearchAction","target":{"@type":"EntryPoint","urlTemplate":"https:\/\/www.spainfoodsherpas.com\/?s={search_term_string}"},"query-input":{"@type":"PropertyValueSpecification","valueRequired":true,"valueName":"search_term_string"}}],"inLanguage":"es"}]}},"_links":{"self":[{"href":"https:\/\/www.spainfoodsherpas.com\/es\/wp-json\/wp\/v2\/pages\/2531","targetHints":{"allow":["GET"]}}],"collection":[{"href":"https:\/\/www.spainfoodsherpas.com\/es\/wp-json\/wp\/v2\/pages"}],"about":[{"href":"https:\/\/www.spainfoodsherpas.com\/es\/wp-json\/wp\/v2\/types\/page"}],"author":[{"embeddable":true,"href":"https:\/\/www.spainfoodsherpas.com\/es\/wp-json\/wp\/v2\/users\/2"}],"replies":[{"embeddable":true,"href":"https:\/\/www.spainfoodsherpas.com\/es\/wp-json\/wp\/v2\/comments?post=2531"}],"version-history":[{"count":12,"href":"https:\/\/www.spainfoodsherpas.com\/es\/wp-json\/wp\/v2\/pages\/2531\/revisions"}],"predecessor-version":[{"id":9336,"href":"https:\/\/www.spainfoodsherpas.com\/es\/wp-json\/wp\/v2\/pages\/2531\/revisions\/9336"}],"wp:attachment":[{"href":"https:\/\/www.spainfoodsherpas.com\/es\/wp-json\/wp\/v2\/media?parent=2531"}],"curies":[{"name":"wp","href":"https:\/\/api.w.org\/{rel}","templated":true}]}}