
{"id":18542,"date":"2019-11-27T14:40:14","date_gmt":"2019-11-27T12:40:14","guid":{"rendered":"https:\/\/www.spainfoodsherpas.com\/?page_id=18542"},"modified":"2020-03-06T17:51:13","modified_gmt":"2020-03-06T15:51:13","slug":"sobre-spain-food-sherpas","status":"publish","type":"page","link":"https:\/\/www.spainfoodsherpas.com\/es\/sobre-spain-food-sherpas\/","title":{"rendered":"Sobre Spain Food Sherpas"},"content":{"rendered":"<p><div class=\"fusion-fullwidth fullwidth-box fusion-builder-row-1 fusion-flex-container fusion-parallax-none hundred-percent-fullwidth hundred-percent-height non-hundred-percent-height-scrolling lazyload\" style=\"--awb-border-radius-top-left:0px;--awb-border-radius-top-right:0px;--awb-border-radius-bottom-right:0px;--awb-border-radius-bottom-left:0px;--awb-padding-right:0px;--awb-padding-left:0px;--awb-background-image:radial-gradient(circle at left center, rgba(0,0,0,0.5) 0%,rgba(0,0,0,0.5) 100%);;--awb-background-size:cover;--awb-flex-wrap:wrap;\" data-bg=\"https:\/\/www.spainfoodsherpas.com\/sfs\/wp-content\/uploads\/2019\/11\/spain-food-sherpas-team.jpg\" data-bg-gradient=\"radial-gradient(circle at left center, rgba(0,0,0,0.5) 0%,rgba(0,0,0,0.5) 100%)\" ><div class=\"fusion-builder-row fusion-row fusion-flex-align-items-flex-start fusion-flex-content-wrap\" style=\"width:calc( 100% + 0px ) !important;max-width:calc( 100% + 0px ) !important;margin-left: calc(-0px \/ 2 );margin-right: calc(-0px \/ 2 );\"><div class=\"fusion-layout-column fusion_builder_column fusion-builder-column-0 fusion_builder_column_1_1 1_1 fusion-flex-column\" style=\"--awb-padding-top:5%;--awb-bg-size:cover;--awb-width-large:100%;--awb-margin-top-large:0px;--awb-spacing-right-large:0px;--awb-margin-bottom-large:10px;--awb-spacing-left-large:0px;--awb-width-medium:100%;--awb-spacing-right-medium:0px;--awb-spacing-left-medium:0px;--awb-width-small:100%;--awb-spacing-right-small:0px;--awb-spacing-left-small:0px;\"><div class=\"fusion-column-wrapper fusion-column-has-shadow fusion-flex-justify-content-flex-start fusion-content-layout-column\"><div class=\"primera_cover\">\n<div class=\"segunda_cover\">\n<h1 class=\"h_cover\">SPAIN FOOD SHERPAS <\/h1>\n<p class=\"p_cover\">Al igual que en una expedici\u00f3n de alta monta\u00f1a, el valor m\u00e1s importante proporcionado por un Sherpa es su amplio conocimiento del entorno local.<\/p>\n\n\n<\/div>\n<\/div>\n<\/div><\/div><div class=\"fusion-layout-column fusion_builder_column fusion-builder-column-1 fusion_builder_column_1_1 1_1 fusion-flex-column\" style=\"--awb-bg-size:cover;--awb-width-large:100%;--awb-margin-top-large:0px;--awb-spacing-right-large:0px;--awb-margin-bottom-large:20px;--awb-spacing-left-large:0px;--awb-width-medium:100%;--awb-spacing-right-medium:0px;--awb-spacing-left-medium:0px;--awb-width-small:100%;--awb-spacing-right-small:0px;--awb-spacing-left-small:0px;\"><div class=\"fusion-column-wrapper fusion-column-has-shadow fusion-flex-justify-content-flex-start fusion-content-layout-column\"><\/div><\/div><div class=\"fusion-layout-column fusion_builder_column fusion-builder-column-2 fusion_builder_column_1_1 1_1 fusion-flex-column\" style=\"--awb-bg-size:cover;--awb-width-large:100%;--awb-margin-top-large:100px;--awb-spacing-right-large:0px;--awb-margin-bottom-large:0px;--awb-spacing-left-large:0px;--awb-width-medium:100%;--awb-spacing-right-medium:0px;--awb-spacing-left-medium:0px;--awb-width-small:100%;--awb-spacing-right-small:0px;--awb-spacing-left-small:0px;\"><div class=\"fusion-column-wrapper fusion-column-has-shadow fusion-flex-justify-content-flex-start fusion-content-layout-column\"><div class=\"review-flag\">\n\nOver 900 Reviews\non tripadvisor!\n<\/div><\/div><\/div><\/div><\/div><div class=\"fusion-fullwidth fullwidth-box fusion-builder-row-2 fusion-flex-container nonhundred-percent-fullwidth non-hundred-percent-height-scrolling\" style=\"--awb-background-position:left top;--awb-background-repeat:repeat;--awb-border-style:dotted;--awb-border-radius-top-left:0px;--awb-border-radius-top-right:0px;--awb-border-radius-bottom-right:0px;--awb-border-radius-bottom-left:0px;--awb-padding-top:5%;--awb-padding-right:5%;--awb-padding-bottom:30px;--awb-padding-left:5%;--awb-flex-wrap:wrap;\" ><div class=\"fusion-builder-row fusion-row fusion-flex-align-items-flex-start fusion-flex-content-wrap\" style=\"max-width:1216.8px;margin-left: calc(-4% \/ 2 );margin-right: calc(-4% \/ 2 );\"><div class=\"fusion-layout-column fusion_builder_column fusion-builder-column-3 fusion_builder_column_1_3 1_3 fusion-flex-column\" style=\"--awb-bg-size:cover;--awb-width-large:33.333333333333%;--awb-margin-top-large:0px;--awb-spacing-right-large:5.76%;--awb-margin-bottom-large:20px;--awb-spacing-left-large:5.76%;--awb-width-medium:100%;--awb-spacing-right-medium:1.92%;--awb-spacing-left-medium:1.92%;--awb-width-small:100%;--awb-spacing-right-small:1.92%;--awb-spacing-left-small:1.92%;\"><div class=\"fusion-column-wrapper fusion-column-has-shadow fusion-flex-justify-content-flex-start fusion-content-layout-column\"><div class=\"fusion-text fusion-text-1\"><h4 style=\"text-align: center; letter-spacing: 1px;\"><span style=\"color: #4e432d;\">COMPROMISO<\/span><\/h4>\n<p style=\"text-align: center; font-size: 15px;\">Perseguimos un tipo de turismo responsable, apoyando las peque\u00f1as empresas familiares, fortaleciendo la diversidad gastron\u00f3mica y costumbres diferenciadoras de cada sitio.<\/p>\n<\/div><\/div><\/div><div class=\"fusion-layout-column fusion_builder_column fusion-builder-column-4 fusion_builder_column_1_3 1_3 fusion-flex-column\" style=\"--awb-bg-size:cover;--awb-width-large:33.333333333333%;--awb-margin-top-large:0px;--awb-spacing-right-large:5.76%;--awb-margin-bottom-large:20px;--awb-spacing-left-large:5.76%;--awb-width-medium:100%;--awb-spacing-right-medium:1.92%;--awb-spacing-left-medium:1.92%;--awb-width-small:100%;--awb-spacing-right-small:1.92%;--awb-spacing-left-small:1.92%;\"><div class=\"fusion-column-wrapper fusion-column-has-shadow fusion-flex-justify-content-flex-start fusion-content-layout-column\"><div class=\"fusion-text fusion-text-2\"><h4 style=\"text-align: center; letter-spacing: 1px;\"><span style=\"color: #4e432d;\">INNOVACI\u00d3N<\/span><\/h4>\n<p style=\"text-align: center; font-size: 15px;\">SFS ofrece principalmente una alternativa al turismo convencional, salir del recorrido establecido para adentrarse en la verdadera esencia culinaria del lugar.<br \/>\nUna oferta cultural alternativa para conocer nuestra regi\u00f3n y su gente, de la forma m\u00e1s deliciosa posible.<\/p>\n<\/div><\/div><\/div><div class=\"fusion-layout-column fusion_builder_column fusion-builder-column-5 fusion_builder_column_1_3 1_3 fusion-flex-column\" style=\"--awb-bg-size:cover;--awb-width-large:33.333333333333%;--awb-margin-top-large:0px;--awb-spacing-right-large:5.76%;--awb-margin-bottom-large:20px;--awb-spacing-left-large:5.76%;--awb-width-medium:100%;--awb-spacing-right-medium:1.92%;--awb-spacing-left-medium:1.92%;--awb-width-small:100%;--awb-spacing-right-small:1.92%;--awb-spacing-left-small:1.92%;\"><div class=\"fusion-column-wrapper fusion-column-has-shadow fusion-flex-justify-content-flex-start fusion-content-layout-column\"><div class=\"fusion-text fusion-text-3\"><h4 style=\"text-align: center; letter-spacing: 1px;\"><span style=\"color: #4e432d;\">GASTRONOM\u00cdA<\/span><\/h4>\n<p style=\"text-align: center; font-size: 15px;\">SFS te acompa\u00f1a a descubrir el aut\u00e9ntico sabor de la ciudad. De la mano de nuestros sherpas-expertos<br \/>\ngu\u00edas- locales podr\u00e1s tener acceso a los secretos mejor guardados, rincones y sabores al alcance solo de la poblaci\u00f3n local.<\/p>\n<\/div><\/div><\/div><div class=\"fusion-layout-column fusion_builder_column fusion-builder-column-6 fusion_builder_column_1_1 1_1 fusion-flex-column\" style=\"--awb-bg-size:cover;--awb-width-large:100%;--awb-margin-top-large:25px;--awb-spacing-right-large:1.92%;--awb-margin-bottom-large:20px;--awb-spacing-left-large:1.92%;--awb-width-medium:100%;--awb-spacing-right-medium:1.92%;--awb-spacing-left-medium:1.92%;--awb-width-small:100%;--awb-spacing-right-small:1.92%;--awb-spacing-left-small:1.92%;\"><div class=\"fusion-column-wrapper fusion-column-has-shadow fusion-flex-justify-content-flex-start fusion-content-layout-column\"><div class=\"fusion-title title fusion-title-1 fusion-sep-none fusion-title-text fusion-title-size-one\" style=\"--awb-margin-top-small:0px;--awb-margin-right-small:0px;--awb-margin-bottom-small:20px;--awb-margin-left-small:0px;\"><h1 class=\"fusion-title-heading title-heading-left\" style=\"margin:0;\"><h2 style=\"text-align: center;\">SPAIN FOOD SHERPAS<\/h2><\/h1><\/div><div class=\"fusion-text fusion-text-4\"><p style=\"text-align: center;\">Spain Food Sherpas (SFS) naci\u00f3 en M\u00e1laga en 2013 con el foco en los productos aut\u00f3ctonos, de proximidad y lo aut\u00e9ntico a trav\u00e9s de una serie de circuitos gastron\u00f3micos. Estas rutas las llevan a cabo los denominados food sherpas, anfitriones locales que descubren al turista lo mejor de la gastronom\u00eda, la cultura y la costumbres del lugar que visita<i><b>.<\/b><\/i><\/p>\n<p style=\"text-align: center;\"><span style=\"font-weight: 400;\">El t\u00e9rmino food sherpa fue acu\u00f1ado en verano de 2013 por Jeff Gordinier, experto en gastronom\u00eda del New York Times, en un art\u00edculo del peri\u00f3dico en el que los defin\u00eda como los preceptores perfectos para acompa\u00f1arte en esta <\/span><b><i>nueva experiencia ideada para quienes buscan descubrir el aut\u00e9ntico sabor de los lugares que visitan, y disfrutar de su patrimonio cultural y culinario<\/i><\/b><span style=\"font-weight: 400;\">. El food sherpa se convierte as\u00ed en una figura indispensable para ir m\u00e1s all\u00e1 en la experiencia del viajero: una nueva forma de conocer Andaluc\u00eda y Espa\u00f1a. Actualmente tenemos presencia en M\u00e1laga, Granada Sevilla y C\u00f3rdoba.<\/span><\/p>\n<p style=\"text-align: center;\">Ponemos a disposici\u00f3n de los turistas rutas en las que conocer la ciudad\u00a0 desde otro punto de vista m\u00e1s all\u00e1 de los recorridos habituales. <em><strong>Rutas de tapas,<\/strong> <\/em><b><i>Visitas al mercado, compras en peque\u00f1os establecimientos tradicionales, catas de vino o talleres de cocina\u00a0 forman parte de nuestra oferta. <\/i><\/b>Y siempre en grupos reducidos para favorecer, de manera sostenible y respetuosa, una inmersi\u00f3n en la cultura local.<\/p>\n<p style=\"text-align: center;\">Los grupos grandes de empresa o agencias los dividimos en grupos m\u00e1s peque\u00f1os para evitar, en la medida de lo posible la aglomeraci\u00f3n de personas en determinadas zonas y establecimientos de la ciudad.<\/p>\n<p style=\"text-align: center;\"><em>\u00a0<\/em><\/p>\n<\/div><\/div><\/div><\/div><\/div><\/p>\n","protected":false},"excerpt":{"rendered":"","protected":false},"author":2,"featured_media":0,"parent":0,"menu_order":0,"comment_status":"closed","ping_status":"closed","template":"100-width.php","meta":{"footnotes":""},"class_list":["post-18542","page","type-page","status-publish","hentry"],"yoast_head":"<!-- This site is optimized with the Yoast SEO plugin v27.4 - https:\/\/yoast.com\/product\/yoast-seo-wordpress\/ -->\n<title>Sobre Spain Food Sherpas<\/title>\n<meta name=\"description\" content=\"Spain Food Sherpas naci\u00f3 en M\u00e1laga en 2013 poniendo el foco en lo aut\u00f3ctono. Descubrimos las ciudades a nuestros clientes a trav\u00e9s de la gastronom\u00eda.\" \/>\n<meta name=\"robots\" content=\"index, follow, max-snippet:-1, max-image-preview:large, max-video-preview:-1\" \/>\n<link rel=\"canonical\" href=\"https:\/\/www.spainfoodsherpas.com\/es\/sobre-spain-food-sherpas\/\" \/>\n<meta property=\"og:locale\" content=\"es_ES\" \/>\n<meta property=\"og:type\" content=\"article\" \/>\n<meta property=\"og:title\" content=\"Sobre Spain Food Sherpas\" \/>\n<meta property=\"og:description\" content=\"Spain Food Sherpas naci\u00f3 en M\u00e1laga en 2013 poniendo el foco en lo aut\u00f3ctono. Descubrimos las ciudades a nuestros clientes a trav\u00e9s de la gastronom\u00eda.\" \/>\n<meta property=\"og:url\" content=\"https:\/\/www.spainfoodsherpas.com\/es\/sobre-spain-food-sherpas\/\" \/>\n<meta property=\"og:site_name\" content=\"Spain Food Sherpas\" \/>\n<meta property=\"article:publisher\" content=\"https:\/\/www.facebook.com\/spainfoodsherpas\" \/>\n<meta property=\"article:modified_time\" content=\"2020-03-06T15:51:13+00:00\" \/>\n<meta property=\"og:image\" content=\"https:\/\/www.spainfoodsherpas.com\/sfs\/wp-content\/uploads\/2015\/08\/FOOD-MARKET-VISIT.jpg\" \/>\n\t<meta property=\"og:image:width\" content=\"526\" \/>\n\t<meta property=\"og:image:height\" content=\"351\" \/>\n\t<meta property=\"og:image:type\" content=\"image\/jpeg\" \/>\n<meta name=\"twitter:card\" content=\"summary_large_image\" \/>\n<meta name=\"twitter:label1\" content=\"Tiempo de lectura\" \/>\n\t<meta name=\"twitter:data1\" content=\"11 minutos\" \/>\n<script type=\"application\/ld+json\" class=\"yoast-schema-graph\">{\"@context\":\"https:\\\/\\\/schema.org\",\"@graph\":[{\"@type\":\"WebPage\",\"@id\":\"https:\\\/\\\/www.spainfoodsherpas.com\\\/es\\\/sobre-spain-food-sherpas\\\/\",\"url\":\"https:\\\/\\\/www.spainfoodsherpas.com\\\/es\\\/sobre-spain-food-sherpas\\\/\",\"name\":\"Sobre Spain Food Sherpas\",\"isPartOf\":{\"@id\":\"https:\\\/\\\/www.spainfoodsherpas.com\\\/#website\"},\"datePublished\":\"2019-11-27T12:40:14+00:00\",\"dateModified\":\"2020-03-06T15:51:13+00:00\",\"description\":\"Spain Food Sherpas naci\u00f3 en M\u00e1laga en 2013 poniendo el foco en lo aut\u00f3ctono. Descubrimos las ciudades a nuestros clientes a trav\u00e9s de la gastronom\u00eda.\",\"breadcrumb\":{\"@id\":\"https:\\\/\\\/www.spainfoodsherpas.com\\\/es\\\/sobre-spain-food-sherpas\\\/#breadcrumb\"},\"inLanguage\":\"es\",\"potentialAction\":[{\"@type\":\"ReadAction\",\"target\":[\"https:\\\/\\\/www.spainfoodsherpas.com\\\/es\\\/sobre-spain-food-sherpas\\\/\"]}]},{\"@type\":\"BreadcrumbList\",\"@id\":\"https:\\\/\\\/www.spainfoodsherpas.com\\\/es\\\/sobre-spain-food-sherpas\\\/#breadcrumb\",\"itemListElement\":[{\"@type\":\"ListItem\",\"position\":1,\"name\":\"Home\",\"item\":\"https:\\\/\\\/www.spainfoodsherpas.com\\\/es\\\/\"},{\"@type\":\"ListItem\",\"position\":2,\"name\":\"Sobre Spain Food Sherpas\"}]},{\"@type\":\"WebSite\",\"@id\":\"https:\\\/\\\/www.spainfoodsherpas.com\\\/#website\",\"url\":\"https:\\\/\\\/www.spainfoodsherpas.com\\\/\",\"name\":\"Spain Food Sherpas\",\"description\":\"Food Travel Experiences\",\"potentialAction\":[{\"@type\":\"SearchAction\",\"target\":{\"@type\":\"EntryPoint\",\"urlTemplate\":\"https:\\\/\\\/www.spainfoodsherpas.com\\\/?s={search_term_string}\"},\"query-input\":{\"@type\":\"PropertyValueSpecification\",\"valueRequired\":true,\"valueName\":\"search_term_string\"}}],\"inLanguage\":\"es\"}]}<\/script>\n<!-- \/ Yoast SEO plugin. -->","yoast_head_json":{"title":"Sobre Spain Food Sherpas","description":"Spain Food Sherpas naci\u00f3 en M\u00e1laga en 2013 poniendo el foco en lo aut\u00f3ctono. Descubrimos las ciudades a nuestros clientes a trav\u00e9s de la gastronom\u00eda.","robots":{"index":"index","follow":"follow","max-snippet":"max-snippet:-1","max-image-preview":"max-image-preview:large","max-video-preview":"max-video-preview:-1"},"canonical":"https:\/\/www.spainfoodsherpas.com\/es\/sobre-spain-food-sherpas\/","og_locale":"es_ES","og_type":"article","og_title":"Sobre Spain Food Sherpas","og_description":"Spain Food Sherpas naci\u00f3 en M\u00e1laga en 2013 poniendo el foco en lo aut\u00f3ctono. Descubrimos las ciudades a nuestros clientes a trav\u00e9s de la gastronom\u00eda.","og_url":"https:\/\/www.spainfoodsherpas.com\/es\/sobre-spain-food-sherpas\/","og_site_name":"Spain Food Sherpas","article_publisher":"https:\/\/www.facebook.com\/spainfoodsherpas","article_modified_time":"2020-03-06T15:51:13+00:00","og_image":[{"width":526,"height":351,"url":"https:\/\/www.spainfoodsherpas.com\/sfs\/wp-content\/uploads\/2015\/08\/FOOD-MARKET-VISIT.jpg","type":"image\/jpeg"}],"twitter_card":"summary_large_image","twitter_misc":{"Tiempo de lectura":"11 minutos"},"schema":{"@context":"https:\/\/schema.org","@graph":[{"@type":"WebPage","@id":"https:\/\/www.spainfoodsherpas.com\/es\/sobre-spain-food-sherpas\/","url":"https:\/\/www.spainfoodsherpas.com\/es\/sobre-spain-food-sherpas\/","name":"Sobre Spain Food Sherpas","isPartOf":{"@id":"https:\/\/www.spainfoodsherpas.com\/#website"},"datePublished":"2019-11-27T12:40:14+00:00","dateModified":"2020-03-06T15:51:13+00:00","description":"Spain Food Sherpas naci\u00f3 en M\u00e1laga en 2013 poniendo el foco en lo aut\u00f3ctono. Descubrimos las ciudades a nuestros clientes a trav\u00e9s de la gastronom\u00eda.","breadcrumb":{"@id":"https:\/\/www.spainfoodsherpas.com\/es\/sobre-spain-food-sherpas\/#breadcrumb"},"inLanguage":"es","potentialAction":[{"@type":"ReadAction","target":["https:\/\/www.spainfoodsherpas.com\/es\/sobre-spain-food-sherpas\/"]}]},{"@type":"BreadcrumbList","@id":"https:\/\/www.spainfoodsherpas.com\/es\/sobre-spain-food-sherpas\/#breadcrumb","itemListElement":[{"@type":"ListItem","position":1,"name":"Home","item":"https:\/\/www.spainfoodsherpas.com\/es\/"},{"@type":"ListItem","position":2,"name":"Sobre Spain Food Sherpas"}]},{"@type":"WebSite","@id":"https:\/\/www.spainfoodsherpas.com\/#website","url":"https:\/\/www.spainfoodsherpas.com\/","name":"Spain Food Sherpas","description":"Food Travel Experiences","potentialAction":[{"@type":"SearchAction","target":{"@type":"EntryPoint","urlTemplate":"https:\/\/www.spainfoodsherpas.com\/?s={search_term_string}"},"query-input":{"@type":"PropertyValueSpecification","valueRequired":true,"valueName":"search_term_string"}}],"inLanguage":"es"}]}},"_links":{"self":[{"href":"https:\/\/www.spainfoodsherpas.com\/es\/wp-json\/wp\/v2\/pages\/18542","targetHints":{"allow":["GET"]}}],"collection":[{"href":"https:\/\/www.spainfoodsherpas.com\/es\/wp-json\/wp\/v2\/pages"}],"about":[{"href":"https:\/\/www.spainfoodsherpas.com\/es\/wp-json\/wp\/v2\/types\/page"}],"author":[{"embeddable":true,"href":"https:\/\/www.spainfoodsherpas.com\/es\/wp-json\/wp\/v2\/users\/2"}],"replies":[{"embeddable":true,"href":"https:\/\/www.spainfoodsherpas.com\/es\/wp-json\/wp\/v2\/comments?post=18542"}],"version-history":[{"count":8,"href":"https:\/\/www.spainfoodsherpas.com\/es\/wp-json\/wp\/v2\/pages\/18542\/revisions"}],"predecessor-version":[{"id":18551,"href":"https:\/\/www.spainfoodsherpas.com\/es\/wp-json\/wp\/v2\/pages\/18542\/revisions\/18551"}],"wp:attachment":[{"href":"https:\/\/www.spainfoodsherpas.com\/es\/wp-json\/wp\/v2\/media?parent=18542"}],"curies":[{"name":"wp","href":"https:\/\/api.w.org\/{rel}","templated":true}]}}