
{"id":4301,"date":"2016-02-24T12:30:24","date_gmt":"2016-02-24T12:30:24","guid":{"rendered":"https:\/\/www.spainfoodsherpas.com\/de\/?page_id=4301"},"modified":"2018-01-13T18:38:06","modified_gmt":"2018-01-13T16:38:06","slug":"kochkurse-in-malaga","status":"publish","type":"page","link":"https:\/\/www.spainfoodsherpas.com\/de\/kochkurse-in-malaga\/","title":{"rendered":"Kochkurse in Malaga"},"content":{"rendered":"<p><div class=\"fusion-fullwidth fullwidth-box fusion-builder-row-1 fusion-flex-container nonhundred-percent-fullwidth non-hundred-percent-height-scrolling\" style=\"--awb-background-position:left top;--awb-background-repeat:repeat;--awb-border-color:#957f55;--awb-border-radius-top-left:0px;--awb-border-radius-top-right:0px;--awb-border-radius-bottom-right:0px;--awb-border-radius-bottom-left:0px;--awb-padding-top:20px;--awb-padding-bottom:20px;--awb-border-sizes-top:0px;--awb-border-sizes-bottom:0px;--awb-flex-wrap:wrap;\" ><div class=\"fusion-builder-row fusion-row fusion-flex-align-items-flex-start fusion-flex-content-wrap\" style=\"max-width:1216.8px;margin-left: calc(-4% \/ 2 );margin-right: calc(-4% \/ 2 );\"><div class=\"fusion-layout-column fusion_builder_column fusion-builder-column-0 fusion_builder_column_1_1 1_1 fusion-flex-column fusion-flex-align-self-flex-start fusion-column-no-min-height\" style=\"--awb-bg-size:cover;--awb-width-large:100%;--awb-margin-top-large:0px;--awb-spacing-right-large:1.92%;--awb-margin-bottom-large:0px;--awb-spacing-left-large:1.92%;--awb-width-medium:100%;--awb-spacing-right-medium:1.92%;--awb-spacing-left-medium:1.92%;--awb-width-small:100%;--awb-spacing-right-small:1.92%;--awb-spacing-left-small:1.92%;\"><div class=\"fusion-column-wrapper fusion-flex-justify-content-flex-start fusion-content-layout-column\"><div class=\"fusion-text fusion-text-1\"><div class=\"tour_titulo\">\n<h1 style=\"text-align: center;\">KOCHKURSE IN MALAGA<\/h1>\n<\/div>\n<\/div><div class=\"fusion-separator fusion-full-width-sep\" style=\"align-self: center;margin-left: auto;margin-right: auto;margin-top:5px;margin-bottom:5px;width:100%;\"><\/div><div class=\"fusion-separator fusion-full-width-sep\" style=\"align-self: center;margin-left: auto;margin-right: auto;margin-top:10px;margin-bottom:10px;width:100%;\"><\/div><div class=\"fusion-text fusion-text-2\"><h3 style=\"text-align: center;\"><strong><span style=\"color: #bc503e;\">Malaga&#8217;s #1 Kochkurse auf <a href=\"https:\/\/www.tripadvisor.co.uk\/Attraction_Review-g187438-d6785426-Reviews-Spain_Food_Sherpas-Malaga_Costa_del_Sol_Province_of_Malaga_Andalucia.html\" target=\"_blank\" rel=\"noopener\"><img class=\"lazyload\" decoding=\"async\" src=\"data:image\/svg+xml,%3Csvg%20xmlns%3D%27http%3A%2F%2Fwww.w3.org%2F2000%2Fsvg%27%20width%3D%27166%27%20height%3D%2739%27%20viewBox%3D%270%200%20166%2039%27%3E%3Crect%20width%3D%27166%27%20height%3D%2739%27%20fill-opacity%3D%220%22%2F%3E%3C%2Fsvg%3E\" data-orig-src=\"https:\/\/www.tripadvisor.es\/img\/cdsi\/img2\/branding\/tripadvisor_logo_transp_340x80-18034-2.png\" alt=\"TripAdvisor\" width=\"166\" height=\"39\" \/><\/a><\/span><\/strong><\/h3>\n<p style=\"text-align: center;\">Sie wollen echtes spanisches und lokales Essen probieren, aber auch lernen, wie man es vorbereitet? Wollen Sie eine Tortilla wenden, ein &#8220;majadito&#8221; f\u00fcr die Paella vermahlen oder pil-pil Garnelen in einem traditionellen Tontopf braten? Dann kommen Sie zu unseren praktischen Kochkursen in Malaga, wo unsere experimentiertern, lokalen K\u00fcchenchefs Ihnen alle Tipps und Tricks zeigt, um wie ein echter Spanier zu kochen.<br \/>\nUnsere Kochkurse beinhalten auch eine gef\u00fchrte Besichtigung des ber\u00fchmten Atarazanas Lebensmittelmarktes, wo wir auch einige der Zutaten ergattern. Kremplen Sie die \u00c4rmel hoch und greifen Sie zum L\u00f6ffel!<\/p>\n<\/div><div class=\"fusion-text fusion-text-3\"><p><img decoding=\"async\" class=\"lazyload aligncenter size-full wp-image-8688\" src=\"data:image\/svg+xml,%3Csvg%20xmlns%3D%27http%3A%2F%2Fwww.w3.org%2F2000%2Fsvg%27%20width%3D%2717%27%20height%3D%275%27%20viewBox%3D%270%200%2017%205%27%3E%3Crect%20width%3D%2717%27%20height%3D%275%27%20fill-opacity%3D%220%22%2F%3E%3C%2Fsvg%3E\" data-orig-src=\"https:\/\/www.spainfoodsherpas.com\/sfs\/wp-content\/uploads\/2016\/02\/icon_close.png\" alt=\"icon_close\" width=\"17\" height=\"5\" \/><\/p>\n<\/div><div class=\"fusion-separator fusion-full-width-sep\" style=\"align-self: center;margin-left: auto;margin-right: auto;margin-top:10px;margin-bottom:10px;width:100%;\"><\/div><\/div><\/div><div class=\"fusion-layout-column fusion_builder_column fusion-builder-column-1 fusion_builder_column_1_3 1_3 fusion-flex-column other_tours\" style=\"--awb-bg-color:#e7ecf9;--awb-bg-color-hover:#e7ecf9;--awb-bg-size:cover;--awb-width-large:33.333333333333%;--awb-margin-top-large:0px;--awb-spacing-right-large:5.76%;--awb-margin-bottom-large:20px;--awb-spacing-left-large:5.76%;--awb-width-medium:100%;--awb-spacing-right-medium:1.92%;--awb-spacing-left-medium:1.92%;--awb-width-small:100%;--awb-spacing-right-small:1.92%;--awb-spacing-left-small:1.92%;\"><div class=\"fusion-column-wrapper fusion-flex-justify-content-flex-start fusion-content-layout-column\"><div class=\"fusion-text fusion-text-4\"><p style=\"text-align: center;\"><a href=\"https:\/\/www.spainfoodsherpas.com\/de\/paella-kochkurs-malaga\/\"><img decoding=\"async\" class=\"lazyload aligncenter wp-image-7884 size-full\" title=\"Paella Kochkurs in Malaga\" src=\"https:\/\/www.spainfoodsherpas.com\/sfs\/wp-content\/uploads\/2015\/06\/paella-kochkurs-malaga.jpg\" data-orig-src=\"https:\/\/www.spainfoodsherpas.com\/sfs\/wp-content\/uploads\/2015\/06\/paella-kochkurs-malaga.jpg\" alt=\"Paella Kochkurs in Malaga\" width=\"400\" height=\"266\" srcset=\"data:image\/svg+xml,%3Csvg%20xmlns%3D%27http%3A%2F%2Fwww.w3.org%2F2000%2Fsvg%27%20width%3D%27400%27%20height%3D%27266%27%20viewBox%3D%270%200%20400%20266%27%3E%3Crect%20width%3D%27400%27%20height%3D%27266%27%20fill-opacity%3D%220%22%2F%3E%3C%2Fsvg%3E\" data-srcset=\"https:\/\/www.spainfoodsherpas.com\/sfs\/wp-content\/uploads\/2015\/06\/paella-kochkurs-malaga-200x133.jpg 200w, https:\/\/www.spainfoodsherpas.com\/sfs\/wp-content\/uploads\/2015\/06\/paella-kochkurs-malaga-240x160.jpg 240w, https:\/\/www.spainfoodsherpas.com\/sfs\/wp-content\/uploads\/2015\/06\/paella-kochkurs-malaga-300x200.jpg 300w, https:\/\/www.spainfoodsherpas.com\/sfs\/wp-content\/uploads\/2015\/06\/paella-kochkurs-malaga.jpg 400w\" data-sizes=\"auto\" data-orig-sizes=\"(max-width: 400px) 100vw, 400px\" \/><\/a><\/p>\n<div class=\"card-content\">\n<div class=\"card-tour-header\">\n<div class=\"tour-calendar\">Mit-Sam. 11:00 am<\/div>\n<div class=\"duration\"><i class=\"fa fa-clock-o\"><\/i>3.5 St<\/div>\n<\/div>\n<h2 class=\"title-card\"><a href=\"https:\/\/www.spainfoodsherpas.com\/de\/paella-kochkurs-malaga\/\">PAELLA KOCHKURS &amp; MARKTBESUCH<\/a><\/h2>\n<div class=\"card-paragraph\">Eine gro\u00dfe Paellapfanne, frische Meeresfr\u00fcchte, rauchiges piment\u00f3n und ein Schuss Wei\u00dfwein &#8230; Entdecken Sie mit uns wie Spaniens bekanntestes Gericht zubereitet wird!<\/div>\n<div class=\"card-footer\">\n<div class=\"card-footer-left\"><span class=\"card-price\">Ab 67 eur<\/span><\/div>\n<div class=\"card-footer-right\"><a href=\"https:\/\/www.spainfoodsherpas.com\/de\/paella-kochkurs-malaga\/\"><span class=\"card-learn-more\">KURS BUCHEN<\/span><\/a><\/div>\n<\/div>\n<\/div>\n<\/div><\/div><\/div><div class=\"fusion-layout-column fusion_builder_column fusion-builder-column-2 fusion_builder_column_1_3 1_3 fusion-flex-column other_tours\" style=\"--awb-bg-color:#e7ecf9;--awb-bg-color-hover:#e7ecf9;--awb-bg-size:cover;--awb-width-large:33.333333333333%;--awb-margin-top-large:0px;--awb-spacing-right-large:5.76%;--awb-margin-bottom-large:20px;--awb-spacing-left-large:5.76%;--awb-width-medium:100%;--awb-spacing-right-medium:1.92%;--awb-spacing-left-medium:1.92%;--awb-width-small:100%;--awb-spacing-right-small:1.92%;--awb-spacing-left-small:1.92%;\"><div class=\"fusion-column-wrapper fusion-flex-justify-content-flex-start fusion-content-layout-column\"><div class=\"fusion-text fusion-text-5\"><p style=\"text-align: center;\"><a href=\"https:\/\/www.spainfoodsherpas.com\/de\/tapas-kochkurs-malaga\/\"><img decoding=\"async\" class=\"lazyload aligncenter wp-image-7865 size-full\" title=\"Tapas rezepte kochkurs malaga\" src=\"https:\/\/www.spainfoodsherpas.com\/sfs\/wp-content\/uploads\/2015\/06\/tapas-rezepte-kochkurs-malaga.jpg\" data-orig-src=\"https:\/\/www.spainfoodsherpas.com\/sfs\/wp-content\/uploads\/2015\/06\/tapas-rezepte-kochkurs-malaga.jpg\" alt=\"Tapas rezepte kochkurs in malaga\" width=\"400\" height=\"266\" srcset=\"data:image\/svg+xml,%3Csvg%20xmlns%3D%27http%3A%2F%2Fwww.w3.org%2F2000%2Fsvg%27%20width%3D%27400%27%20height%3D%27266%27%20viewBox%3D%270%200%20400%20266%27%3E%3Crect%20width%3D%27400%27%20height%3D%27266%27%20fill-opacity%3D%220%22%2F%3E%3C%2Fsvg%3E\" data-srcset=\"https:\/\/www.spainfoodsherpas.com\/sfs\/wp-content\/uploads\/2015\/06\/tapas-rezepte-kochkurs-malaga-200x133.jpg 200w, https:\/\/www.spainfoodsherpas.com\/sfs\/wp-content\/uploads\/2015\/06\/tapas-rezepte-kochkurs-malaga-240x160.jpg 240w, https:\/\/www.spainfoodsherpas.com\/sfs\/wp-content\/uploads\/2015\/06\/tapas-rezepte-kochkurs-malaga-300x200.jpg 300w, https:\/\/www.spainfoodsherpas.com\/sfs\/wp-content\/uploads\/2015\/06\/tapas-rezepte-kochkurs-malaga.jpg 400w\" data-sizes=\"auto\" data-orig-sizes=\"(max-width: 400px) 100vw, 400px\" \/><\/a><\/p>\n<div class=\"card-content\">\n<div class=\"card-tour-header\">\n<div class=\"tour-calendar\">Di-Sam. 11:00 am<\/div>\n<div class=\"duration\"><i class=\"fa fa-clock-o\"><\/i>3.5 St<\/div>\n<\/div>\n<h2 class=\"title-card\"><a href=\"https:\/\/www.spainfoodsherpas.com\/de\/tapas-kochkurs-malaga\/\">TAPAS KOCHKURS &amp; MARKTBESUCH<\/a><\/h2>\n<div class=\"card-paragraph\">Lust auf eine leckere Tapa? Oder zwei oder drei? Tauchen Sie in unsere Esskultur ein und lernen Sie, wie man einige unserer traditionellsten und leckersten Tapas vorbereitet (und isst)!<\/div>\n<div class=\"card-footer\">\n<div class=\"card-footer-left\"><span class=\"card-price\">Ab 67 eur<\/span><\/div>\n<div class=\"card-footer-right\"><a href=\"https:\/\/www.spainfoodsherpas.com\/de\/tapas-kochkurs-malaga\/\"><span class=\"card-learn-more\">KURS BUCHEN<\/span><\/a><\/div>\n<\/div>\n<\/div>\n<\/div><\/div><\/div><div class=\"fusion-layout-column fusion_builder_column fusion-builder-column-3 fusion_builder_column_1_3 1_3 fusion-flex-column other_tours\" style=\"--awb-bg-color:#e7ecf9;--awb-bg-color-hover:#e7ecf9;--awb-bg-size:cover;--awb-width-large:33.333333333333%;--awb-margin-top-large:0px;--awb-spacing-right-large:5.76%;--awb-margin-bottom-large:20px;--awb-spacing-left-large:5.76%;--awb-width-medium:100%;--awb-spacing-right-medium:1.92%;--awb-spacing-left-medium:1.92%;--awb-width-small:100%;--awb-spacing-right-small:1.92%;--awb-spacing-left-small:1.92%;\"><div class=\"fusion-column-wrapper fusion-flex-justify-content-flex-start fusion-content-layout-column\"><div class=\"fusion-text fusion-text-6\"><p><a href=\"\/de\/private-kochkurse-in-malaga\/\"><img decoding=\"async\" class=\"lazyload aligncenter wp-image-7962 size-full\" title=\"Private Kochurse in Malaga\" src=\"data:image\/svg+xml,%3Csvg%20xmlns%3D%27http%3A%2F%2Fwww.w3.org%2F2000%2Fsvg%27%20width%3D%27400%27%20height%3D%27266%27%20viewBox%3D%270%200%20400%20266%27%3E%3Crect%20width%3D%27400%27%20height%3D%27266%27%20fill-opacity%3D%220%22%2F%3E%3C%2Fsvg%3E\" data-orig-src=\"\/sfs\/wp-content\/uploads\/2015\/07\/paella-course-and-malaga-wine-.jpg?x86432\" alt=\"Private Kochurse in Malaga\" width=\"400\" height=\"266\" \/><\/a><\/p>\n<div class=\"card-content\">\n<div class=\"card-tour-header\">\n<div class=\"tour-calendar\">Auf Anfrage<\/div>\n<div class=\"duration\"><i class=\"fa fa-clock-o\"><\/i>3.5 h<\/div>\n<\/div>\n<div class=\"card-paragraph\">\n<h4><a href=\"\/de\/private-kochkurse-in-malaga\/\">PRIVATE KOCHKURSE<\/a><\/h4>\n<p>Ob es sich um eine Team-Building-Veranstaltung oder eine soziale Aktivit\u00e4t handelt, bringen Sie Ihre Familie, Freunde und Kollegen f\u00fcr einen privaten Kochkurs an Spain Food Sherpas Tisch zusammen.<\/p>\n<\/div>\n<div class=\"card-footer\">\n<div class=\"card-footer-left\"><\/div>\n<div class=\"card-footer-right\"><a href=\"\/de\/private-kochkurse-in-malaga\/\"><span class=\"card-learn-more\">KURS BUCHEN<\/span><\/a><\/div>\n<\/div>\n<\/div>\n<\/div><\/div><\/div><div class=\"fusion-layout-column fusion_builder_column fusion-builder-column-4 fusion_builder_column_1_3 1_3 fusion-flex-column other_tours\" style=\"--awb-bg-color:#e7ecf9;--awb-bg-color-hover:#e7ecf9;--awb-bg-size:cover;--awb-width-large:33.333333333333%;--awb-margin-top-large:0px;--awb-spacing-right-large:3.8399999999999%;--awb-margin-bottom-large:20px;--awb-spacing-left-large:5.76%;--awb-width-medium:100%;--awb-spacing-right-medium:1.92%;--awb-spacing-left-medium:1.92%;--awb-width-small:100%;--awb-spacing-right-small:1.92%;--awb-spacing-left-small:1.92%;\"><div class=\"fusion-column-wrapper fusion-flex-justify-content-flex-start fusion-content-layout-column\"><div class=\"fusion-text fusion-text-7\"><p style=\"text-align: center;\"><img decoding=\"async\" class=\"lazyload aligncenter wp-image-13686 size-full\" title=\"Marbella Kochlurs\" src=\"https:\/\/www.spainfoodsherpas.com\/sfs\/wp-content\/uploads\/2016\/05\/fun-cooking-classes-in-marbella.jpg\" data-orig-src=\"https:\/\/www.spainfoodsherpas.com\/sfs\/wp-content\/uploads\/2016\/05\/fun-cooking-classes-in-marbella.jpg\" alt=\"fun cooking classes in marbella\" width=\"400\" height=\"266\" srcset=\"data:image\/svg+xml,%3Csvg%20xmlns%3D%27http%3A%2F%2Fwww.w3.org%2F2000%2Fsvg%27%20width%3D%27400%27%20height%3D%27266%27%20viewBox%3D%270%200%20400%20266%27%3E%3Crect%20width%3D%27400%27%20height%3D%27266%27%20fill-opacity%3D%220%22%2F%3E%3C%2Fsvg%3E\" data-srcset=\"https:\/\/www.spainfoodsherpas.com\/sfs\/wp-content\/uploads\/2016\/05\/fun-cooking-classes-in-marbella-200x133.jpg 200w, https:\/\/www.spainfoodsherpas.com\/sfs\/wp-content\/uploads\/2016\/05\/fun-cooking-classes-in-marbella-300x200.jpg 300w, https:\/\/www.spainfoodsherpas.com\/sfs\/wp-content\/uploads\/2016\/05\/fun-cooking-classes-in-marbella.jpg 400w\" data-sizes=\"auto\" data-orig-sizes=\"(max-width: 400px) 100vw, 400px\" \/><\/p>\n<div class=\"card-content\">\n<div class=\"card-tour-header\">\n<div class=\"tour-calendar\">Auf Anfrag<\/div>\n<div class=\"duration\"><i class=\"fa fa-clock-o\"><\/i>3.5 St<\/div>\n<\/div>\n<h2 class=\"title-card\"><a href=\"https:\/\/www.spainfoodsherpas.com\/de\/kochkurse-in-marbella\/\">KOCHKURSE IN MARBELLA<\/a><\/h2>\n<div class=\"card-paragraph\">Besuchen Sie unsere Kochkurse im Herzen von Marbella, wo Sie traditionelle spanische Gerichte mit einem innovativen Hauch vorbereiten. Alles zusammen mit ausgezeichneten Weinen.<\/div>\n<div class=\"card-footer\">\n<div class=\"card-footer-left\"><span class=\"card-price\">Ab 95 eur<\/span><\/div>\n<div class=\"card-footer-right\"><a href=\"https:\/\/www.spainfoodsherpas.com\/de\/kochkurse-in-marbella\/\"><span class=\"card-learn-more\">KURS BUCHEN<\/span><\/a><\/div>\n<\/div>\n<\/div>\n<\/div><\/div><\/div><\/div><\/div><div class=\"fusion-fullwidth fullwidth-box fusion-builder-row-2 fusion-flex-container nonhundred-percent-fullwidth non-hundred-percent-height-scrolling\" style=\"--awb-background-position:left top;--awb-background-repeat:repeat;--awb-border-color:#a3916e;--awb-border-radius-top-left:0px;--awb-border-radius-top-right:0px;--awb-border-radius-bottom-right:0px;--awb-border-radius-bottom-left:0px;--awb-padding-top:30px;--awb-padding-right:5%;--awb-padding-bottom:20px;--awb-padding-left:5%;--awb-background-color:#e7ecf9;--awb-border-sizes-top:0px;--awb-border-sizes-bottom:0px;--awb-flex-wrap:wrap;\" ><div class=\"fusion-builder-row fusion-row fusion-flex-align-items-flex-start fusion-flex-content-wrap\" style=\"max-width:1216.8px;margin-left: calc(-4% \/ 2 );margin-right: calc(-4% \/ 2 );\"><div class=\"fusion-layout-column fusion_builder_column fusion-builder-column-5 fusion_builder_column_3_5 3_5 fusion-flex-column\" style=\"--awb-bg-size:cover;--awb-width-large:60%;--awb-margin-top-large:0px;--awb-spacing-right-large:3.84%;--awb-margin-bottom-large:0px;--awb-spacing-left-large:3.2%;--awb-width-medium:100%;--awb-spacing-right-medium:1.92%;--awb-spacing-left-medium:1.92%;--awb-width-small:100%;--awb-spacing-right-small:1.92%;--awb-spacing-left-small:1.92%;\"><div class=\"fusion-column-wrapper fusion-flex-justify-content-flex-start fusion-content-layout-column\"><div class=\"fusion-text fusion-text-8\"><h2 style=\"text-align: left; font-size: 30px;\"><div class=\"fusion-fa-align-left\"><i class=\"fb-icon-element-1 fb-icon-element fontawesome-icon fa fa-map circle-no guia\" style=\"--awb-iconcolor:#bc503e;--awb-iconcolor-hover:#bc503e;--awb-font-size:25px;--awb-margin-right:12.5px;\"><\/i><\/div>\u00a0 MALAGA REISEF\u00dcHRER F\u00dcR FOODIES<\/h2>\n<p>Unser Reisef\u00fchrer bitet Ihnen wichtige Insidertipps \u00fcber Malaga<\/p>\n<\/div><\/div><\/div><div class=\"fusion-layout-column fusion_builder_column fusion-builder-column-6 fusion_builder_column_2_5 2_5 fusion-flex-column\" style=\"--awb-bg-size:cover;--awb-width-large:40%;--awb-margin-top-large:0px;--awb-spacing-right-large:4.8%;--awb-margin-bottom-large:0px;--awb-spacing-left-large:3.84%;--awb-width-medium:100%;--awb-spacing-right-medium:1.92%;--awb-spacing-left-medium:1.92%;--awb-width-small:100%;--awb-spacing-right-small:1.92%;--awb-spacing-left-small:1.92%;\"><div class=\"fusion-column-wrapper fusion-flex-justify-content-flex-start fusion-content-layout-column\"><div class=\"fusion-separator fusion-full-width-sep\" style=\"align-self: center;margin-left: auto;margin-right: auto;margin-top:0px;margin-bottom:30px;width:100%;\"><\/div><div style=\"text-align:left;\"><a class=\"fusion-button button-flat fusion-button-default-size button-custom fusion-button-default button-1 fusion-button-span-no \" style=\"--button_accent_color:#ffffff;--button_accent_hover_color:#ffffff;--button_border_hover_color:#ffffff;--button_border_width-top:0PX;--button_border_width-right:0PX;--button_border_width-bottom:0PX;--button_border_width-left:0PX;--button_gradient_top_color:#bc503e;--button_gradient_bottom_color:#bc503e;--button_gradient_top_color_hover:#bc7a6f;--button_gradient_bottom_color_hover:#bc7a6f;\" target=\"_self\" title=\"MALAGA REISEF\u00dcHRER\" aria-label=\"MALAGA REISEF\u00dcHRER\" href=\"https:\/\/www.spainfoodsherpas.com\/de\/malaga-reisefuehrer-fuer-foodies\/\"><span class=\"fusion-button-text awb-button__text awb-button__text--default\">MALAGA REISEF\u00dcHRER<\/span><\/a><\/div><\/div><\/div><\/div><\/div><\/p>\n","protected":false},"excerpt":{"rendered":"","protected":false},"author":2,"featured_media":0,"parent":0,"menu_order":0,"comment_status":"closed","ping_status":"closed","template":"100-width.php","meta":{"footnotes":""},"class_list":["post-4301","page","type-page","status-publish","hentry"],"yoast_head":"<!-- This site is optimized with the Yoast SEO plugin v27.4 - https:\/\/yoast.com\/product\/yoast-seo-wordpress\/ -->\n<title>Kochkurse in Malaga<\/title>\n<meta name=\"description\" content=\"Praktische Kochkurse in Malaga um die traditionellsten Paella und Tapas Rezepte in geselliger Runde \u00fcber einem feinen Glas Wein kennenlernen.\" \/>\n<meta name=\"robots\" content=\"index, follow, max-snippet:-1, max-image-preview:large, max-video-preview:-1\" \/>\n<link rel=\"canonical\" href=\"https:\/\/www.spainfoodsherpas.com\/de\/kochkurse-in-malaga\/\" \/>\n<meta property=\"og:locale\" content=\"de_DE\" \/>\n<meta property=\"og:type\" content=\"article\" \/>\n<meta property=\"og:title\" content=\"Kochkurse in Malaga\" \/>\n<meta property=\"og:description\" content=\"Praktische Kochkurse in Malaga um die traditionellsten Paella und Tapas Rezepte in geselliger Runde \u00fcber einem feinen Glas Wein kennenlernen.\" \/>\n<meta property=\"og:url\" content=\"https:\/\/www.spainfoodsherpas.com\/de\/kochkurse-in-malaga\/\" \/>\n<meta property=\"og:site_name\" content=\"Spain Food Sherpas\" \/>\n<meta property=\"article:publisher\" content=\"https:\/\/www.facebook.com\/spainfoodsherpas\" \/>\n<meta property=\"article:modified_time\" content=\"2018-01-13T16:38:06+00:00\" \/>\n<meta property=\"og:image\" content=\"https:\/\/www.tripadvisor.es\/img\/cdsi\/img2\/branding\/tripadvisor_logo_transp_340x80-18034-2.png\" \/>\n<meta name=\"twitter:card\" content=\"summary_large_image\" \/>\n<meta name=\"twitter:label1\" content=\"Gesch\u00e4tzte Lesezeit\" \/>\n\t<meta name=\"twitter:data1\" content=\"6 minutes\" \/>\n<script type=\"application\/ld+json\" class=\"yoast-schema-graph\">{\"@context\":\"https:\\\/\\\/schema.org\",\"@graph\":[{\"@type\":\"WebPage\",\"@id\":\"https:\\\/\\\/www.spainfoodsherpas.com\\\/de\\\/kochkurse-in-malaga\\\/\",\"url\":\"https:\\\/\\\/www.spainfoodsherpas.com\\\/de\\\/kochkurse-in-malaga\\\/\",\"name\":\"Kochkurse in Malaga\",\"isPartOf\":{\"@id\":\"https:\\\/\\\/www.spainfoodsherpas.com\\\/#website\"},\"primaryImageOfPage\":{\"@id\":\"https:\\\/\\\/www.spainfoodsherpas.com\\\/de\\\/kochkurse-in-malaga\\\/#primaryimage\"},\"image\":{\"@id\":\"https:\\\/\\\/www.spainfoodsherpas.com\\\/de\\\/kochkurse-in-malaga\\\/#primaryimage\"},\"thumbnailUrl\":\"https:\\\/\\\/www.tripadvisor.es\\\/img\\\/cdsi\\\/img2\\\/branding\\\/tripadvisor_logo_transp_340x80-18034-2.png\",\"datePublished\":\"2016-02-24T12:30:24+00:00\",\"dateModified\":\"2018-01-13T16:38:06+00:00\",\"description\":\"Praktische Kochkurse in Malaga um die traditionellsten Paella und Tapas Rezepte in geselliger Runde \u00fcber einem feinen Glas Wein kennenlernen.\",\"breadcrumb\":{\"@id\":\"https:\\\/\\\/www.spainfoodsherpas.com\\\/de\\\/kochkurse-in-malaga\\\/#breadcrumb\"},\"inLanguage\":\"de-DE\",\"potentialAction\":[{\"@type\":\"ReadAction\",\"target\":[\"https:\\\/\\\/www.spainfoodsherpas.com\\\/de\\\/kochkurse-in-malaga\\\/\"]}]},{\"@type\":\"ImageObject\",\"inLanguage\":\"de-DE\",\"@id\":\"https:\\\/\\\/www.spainfoodsherpas.com\\\/de\\\/kochkurse-in-malaga\\\/#primaryimage\",\"url\":\"https:\\\/\\\/www.tripadvisor.es\\\/img\\\/cdsi\\\/img2\\\/branding\\\/tripadvisor_logo_transp_340x80-18034-2.png\",\"contentUrl\":\"https:\\\/\\\/www.tripadvisor.es\\\/img\\\/cdsi\\\/img2\\\/branding\\\/tripadvisor_logo_transp_340x80-18034-2.png\"},{\"@type\":\"BreadcrumbList\",\"@id\":\"https:\\\/\\\/www.spainfoodsherpas.com\\\/de\\\/kochkurse-in-malaga\\\/#breadcrumb\",\"itemListElement\":[{\"@type\":\"ListItem\",\"position\":1,\"name\":\"Home\",\"item\":\"https:\\\/\\\/www.spainfoodsherpas.com\\\/de\\\/\"},{\"@type\":\"ListItem\",\"position\":2,\"name\":\"Kochkurse in Malaga\"}]},{\"@type\":\"WebSite\",\"@id\":\"https:\\\/\\\/www.spainfoodsherpas.com\\\/#website\",\"url\":\"https:\\\/\\\/www.spainfoodsherpas.com\\\/\",\"name\":\"Spain Food Sherpas\",\"description\":\"Food Travel Experiences\",\"potentialAction\":[{\"@type\":\"SearchAction\",\"target\":{\"@type\":\"EntryPoint\",\"urlTemplate\":\"https:\\\/\\\/www.spainfoodsherpas.com\\\/?s={search_term_string}\"},\"query-input\":{\"@type\":\"PropertyValueSpecification\",\"valueRequired\":true,\"valueName\":\"search_term_string\"}}],\"inLanguage\":\"de-DE\"}]}<\/script>\n<!-- \/ Yoast SEO plugin. -->","yoast_head_json":{"title":"Kochkurse in Malaga","description":"Praktische Kochkurse in Malaga um die traditionellsten Paella und Tapas Rezepte in geselliger Runde \u00fcber einem feinen Glas Wein kennenlernen.","robots":{"index":"index","follow":"follow","max-snippet":"max-snippet:-1","max-image-preview":"max-image-preview:large","max-video-preview":"max-video-preview:-1"},"canonical":"https:\/\/www.spainfoodsherpas.com\/de\/kochkurse-in-malaga\/","og_locale":"de_DE","og_type":"article","og_title":"Kochkurse in Malaga","og_description":"Praktische Kochkurse in Malaga um die traditionellsten Paella und Tapas Rezepte in geselliger Runde \u00fcber einem feinen Glas Wein kennenlernen.","og_url":"https:\/\/www.spainfoodsherpas.com\/de\/kochkurse-in-malaga\/","og_site_name":"Spain Food Sherpas","article_publisher":"https:\/\/www.facebook.com\/spainfoodsherpas","article_modified_time":"2018-01-13T16:38:06+00:00","og_image":[{"url":"https:\/\/www.tripadvisor.es\/img\/cdsi\/img2\/branding\/tripadvisor_logo_transp_340x80-18034-2.png","type":"","width":"","height":""}],"twitter_card":"summary_large_image","twitter_misc":{"Gesch\u00e4tzte Lesezeit":"6 minutes"},"schema":{"@context":"https:\/\/schema.org","@graph":[{"@type":"WebPage","@id":"https:\/\/www.spainfoodsherpas.com\/de\/kochkurse-in-malaga\/","url":"https:\/\/www.spainfoodsherpas.com\/de\/kochkurse-in-malaga\/","name":"Kochkurse in Malaga","isPartOf":{"@id":"https:\/\/www.spainfoodsherpas.com\/#website"},"primaryImageOfPage":{"@id":"https:\/\/www.spainfoodsherpas.com\/de\/kochkurse-in-malaga\/#primaryimage"},"image":{"@id":"https:\/\/www.spainfoodsherpas.com\/de\/kochkurse-in-malaga\/#primaryimage"},"thumbnailUrl":"https:\/\/www.tripadvisor.es\/img\/cdsi\/img2\/branding\/tripadvisor_logo_transp_340x80-18034-2.png","datePublished":"2016-02-24T12:30:24+00:00","dateModified":"2018-01-13T16:38:06+00:00","description":"Praktische Kochkurse in Malaga um die traditionellsten Paella und Tapas Rezepte in geselliger Runde \u00fcber einem feinen Glas Wein kennenlernen.","breadcrumb":{"@id":"https:\/\/www.spainfoodsherpas.com\/de\/kochkurse-in-malaga\/#breadcrumb"},"inLanguage":"de-DE","potentialAction":[{"@type":"ReadAction","target":["https:\/\/www.spainfoodsherpas.com\/de\/kochkurse-in-malaga\/"]}]},{"@type":"ImageObject","inLanguage":"de-DE","@id":"https:\/\/www.spainfoodsherpas.com\/de\/kochkurse-in-malaga\/#primaryimage","url":"https:\/\/www.tripadvisor.es\/img\/cdsi\/img2\/branding\/tripadvisor_logo_transp_340x80-18034-2.png","contentUrl":"https:\/\/www.tripadvisor.es\/img\/cdsi\/img2\/branding\/tripadvisor_logo_transp_340x80-18034-2.png"},{"@type":"BreadcrumbList","@id":"https:\/\/www.spainfoodsherpas.com\/de\/kochkurse-in-malaga\/#breadcrumb","itemListElement":[{"@type":"ListItem","position":1,"name":"Home","item":"https:\/\/www.spainfoodsherpas.com\/de\/"},{"@type":"ListItem","position":2,"name":"Kochkurse in Malaga"}]},{"@type":"WebSite","@id":"https:\/\/www.spainfoodsherpas.com\/#website","url":"https:\/\/www.spainfoodsherpas.com\/","name":"Spain Food Sherpas","description":"Food Travel Experiences","potentialAction":[{"@type":"SearchAction","target":{"@type":"EntryPoint","urlTemplate":"https:\/\/www.spainfoodsherpas.com\/?s={search_term_string}"},"query-input":{"@type":"PropertyValueSpecification","valueRequired":true,"valueName":"search_term_string"}}],"inLanguage":"de-DE"}]}},"_links":{"self":[{"href":"https:\/\/www.spainfoodsherpas.com\/de\/wp-json\/wp\/v2\/pages\/4301","targetHints":{"allow":["GET"]}}],"collection":[{"href":"https:\/\/www.spainfoodsherpas.com\/de\/wp-json\/wp\/v2\/pages"}],"about":[{"href":"https:\/\/www.spainfoodsherpas.com\/de\/wp-json\/wp\/v2\/types\/page"}],"author":[{"embeddable":true,"href":"https:\/\/www.spainfoodsherpas.com\/de\/wp-json\/wp\/v2\/users\/2"}],"replies":[{"embeddable":true,"href":"https:\/\/www.spainfoodsherpas.com\/de\/wp-json\/wp\/v2\/comments?post=4301"}],"version-history":[{"count":53,"href":"https:\/\/www.spainfoodsherpas.com\/de\/wp-json\/wp\/v2\/pages\/4301\/revisions"}],"predecessor-version":[{"id":12079,"href":"https:\/\/www.spainfoodsherpas.com\/de\/wp-json\/wp\/v2\/pages\/4301\/revisions\/12079"}],"wp:attachment":[{"href":"https:\/\/www.spainfoodsherpas.com\/de\/wp-json\/wp\/v2\/media?parent=4301"}],"curies":[{"name":"wp","href":"https:\/\/api.w.org\/{rel}","templated":true}]}}