
{"id":14070,"date":"2017-12-07T17:56:49","date_gmt":"2017-12-07T15:56:49","guid":{"rendered":"https:\/\/www.spainfoodsherpas.com\/?page_id=14070"},"modified":"2018-09-17T19:46:26","modified_gmt":"2018-09-17T17:46:26","slug":"stornierungsbedingungen","status":"publish","type":"page","link":"https:\/\/www.spainfoodsherpas.com\/de\/stornierungsbedingungen\/","title":{"rendered":"Stornierungsbedingungen"},"content":{"rendered":"<div class=\"fusion-fullwidth fullwidth-box fusion-builder-row-1 fusion-flex-container nonhundred-percent-fullwidth non-hundred-percent-height-scrolling\" style=\"--awb-border-radius-top-left:0px;--awb-border-radius-top-right:0px;--awb-border-radius-bottom-right:0px;--awb-border-radius-bottom-left:0px;--awb-flex-wrap:wrap;\" ><div class=\"fusion-builder-row fusion-row fusion-flex-align-items-flex-start fusion-flex-content-wrap\" style=\"max-width:calc( 1170px + 0px );margin-left: calc(-0px \/ 2 );margin-right: calc(-0px \/ 2 );\"><div class=\"fusion-layout-column fusion_builder_column fusion-builder-column-0 fusion_builder_column_1_1 1_1 fusion-flex-column\" style=\"--awb-bg-size:cover;--awb-width-large:100%;--awb-margin-top-large:0px;--awb-spacing-right-large:0px;--awb-margin-bottom-large:20px;--awb-spacing-left-large:0px;--awb-width-medium:100%;--awb-spacing-right-medium:0px;--awb-spacing-left-medium:0px;--awb-width-small:100%;--awb-spacing-right-small:0px;--awb-spacing-left-small:0px;\"><div class=\"fusion-column-wrapper fusion-flex-justify-content-flex-start fusion-content-layout-column\"><div class=\"fusion-text fusion-text-1\"><h1 style=\"text-align: center;\">Stornierungsbedingungen<\/h1>\n<\/div><div class=\"fusion-text fusion-text-2\"><p>Die standardm\u00e4\u00dfige Stornierungsrichtlinie lautet wie folgt:<\/p>\n<ol>\n<li>Stornieren Sie mindestens 48 Stunden vor Ihre Aktivit\u00e4t, um eine vollst\u00e4ndige R\u00fcckerstattung (100\u00a0%) zu erhalten.<\/li>\n<li>Es gibt keine R\u00fcckerstattung f\u00fcr Stornierungen die weniger als 48 Stunden in Voraus der gebuchten Aktivit\u00e4t gemacht werden und im Falle von no-shows (man erscheint nicht zum Termin).<\/li>\n<\/ol>\n<\/div><\/div><\/div><\/div><\/div>\n","protected":false},"excerpt":{"rendered":"","protected":false},"author":2,"featured_media":0,"parent":0,"menu_order":0,"comment_status":"closed","ping_status":"closed","template":"100-width.php","meta":{"footnotes":""},"class_list":["post-14070","page","type-page","status-publish","hentry"],"yoast_head":"<!-- This site is optimized with the Yoast SEO plugin v27.4 - https:\/\/yoast.com\/product\/yoast-seo-wordpress\/ -->\n<title>Stornierungsbedingungen<\/title>\n<meta name=\"description\" content=\"M\u00fchelose Stornierung bei Spain Food Sherpas. Stornierung bis zu 7 Tage im Voraus mit vollst\u00e4ndiger R\u00fcckerstattung\" \/>\n<meta name=\"robots\" content=\"index, follow, max-snippet:-1, max-image-preview:large, max-video-preview:-1\" \/>\n<link rel=\"canonical\" href=\"https:\/\/www.spainfoodsherpas.com\/de\/stornierungsbedingungen\/\" \/>\n<meta property=\"og:locale\" content=\"de_DE\" \/>\n<meta property=\"og:type\" content=\"article\" \/>\n<meta property=\"og:title\" content=\"Stornierungsbedingungen\" \/>\n<meta property=\"og:description\" content=\"M\u00fchelose Stornierung bei Spain Food Sherpas. Stornierung bis zu 7 Tage im Voraus mit vollst\u00e4ndiger R\u00fcckerstattung\" \/>\n<meta property=\"og:url\" content=\"https:\/\/www.spainfoodsherpas.com\/de\/stornierungsbedingungen\/\" \/>\n<meta property=\"og:site_name\" content=\"Spain Food Sherpas\" \/>\n<meta property=\"article:publisher\" content=\"https:\/\/www.facebook.com\/spainfoodsherpas\" \/>\n<meta property=\"article:modified_time\" content=\"2018-09-17T17:46:26+00:00\" \/>\n<meta property=\"og:image\" content=\"https:\/\/www.spainfoodsherpas.com\/sfs\/wp-content\/uploads\/2015\/08\/FOOD-MARKET-VISIT.jpg\" \/>\n\t<meta property=\"og:image:width\" content=\"526\" \/>\n\t<meta property=\"og:image:height\" content=\"351\" \/>\n\t<meta property=\"og:image:type\" content=\"image\/jpeg\" \/>\n<meta name=\"twitter:card\" content=\"summary_large_image\" \/>\n<meta name=\"twitter:label1\" content=\"Gesch\u00e4tzte Lesezeit\" \/>\n\t<meta name=\"twitter:data1\" content=\"1 minute\" \/>\n<script type=\"application\/ld+json\" class=\"yoast-schema-graph\">{\"@context\":\"https:\\\/\\\/schema.org\",\"@graph\":[{\"@type\":\"WebPage\",\"@id\":\"https:\\\/\\\/www.spainfoodsherpas.com\\\/de\\\/stornierungsbedingungen\\\/\",\"url\":\"https:\\\/\\\/www.spainfoodsherpas.com\\\/de\\\/stornierungsbedingungen\\\/\",\"name\":\"Stornierungsbedingungen\",\"isPartOf\":{\"@id\":\"https:\\\/\\\/www.spainfoodsherpas.com\\\/#website\"},\"datePublished\":\"2017-12-07T15:56:49+00:00\",\"dateModified\":\"2018-09-17T17:46:26+00:00\",\"description\":\"M\u00fchelose Stornierung bei Spain Food Sherpas. Stornierung bis zu 7 Tage im Voraus mit vollst\u00e4ndiger R\u00fcckerstattung\",\"breadcrumb\":{\"@id\":\"https:\\\/\\\/www.spainfoodsherpas.com\\\/de\\\/stornierungsbedingungen\\\/#breadcrumb\"},\"inLanguage\":\"de-DE\",\"potentialAction\":[{\"@type\":\"ReadAction\",\"target\":[\"https:\\\/\\\/www.spainfoodsherpas.com\\\/de\\\/stornierungsbedingungen\\\/\"]}]},{\"@type\":\"BreadcrumbList\",\"@id\":\"https:\\\/\\\/www.spainfoodsherpas.com\\\/de\\\/stornierungsbedingungen\\\/#breadcrumb\",\"itemListElement\":[{\"@type\":\"ListItem\",\"position\":1,\"name\":\"Home\",\"item\":\"https:\\\/\\\/www.spainfoodsherpas.com\\\/de\\\/\"},{\"@type\":\"ListItem\",\"position\":2,\"name\":\"Stornierungsbedingungen\"}]},{\"@type\":\"WebSite\",\"@id\":\"https:\\\/\\\/www.spainfoodsherpas.com\\\/#website\",\"url\":\"https:\\\/\\\/www.spainfoodsherpas.com\\\/\",\"name\":\"Spain Food Sherpas\",\"description\":\"Food Travel Experiences\",\"potentialAction\":[{\"@type\":\"SearchAction\",\"target\":{\"@type\":\"EntryPoint\",\"urlTemplate\":\"https:\\\/\\\/www.spainfoodsherpas.com\\\/?s={search_term_string}\"},\"query-input\":{\"@type\":\"PropertyValueSpecification\",\"valueRequired\":true,\"valueName\":\"search_term_string\"}}],\"inLanguage\":\"de-DE\"}]}<\/script>\n<!-- \/ Yoast SEO plugin. -->","yoast_head_json":{"title":"Stornierungsbedingungen","description":"M\u00fchelose Stornierung bei Spain Food Sherpas. Stornierung bis zu 7 Tage im Voraus mit vollst\u00e4ndiger R\u00fcckerstattung","robots":{"index":"index","follow":"follow","max-snippet":"max-snippet:-1","max-image-preview":"max-image-preview:large","max-video-preview":"max-video-preview:-1"},"canonical":"https:\/\/www.spainfoodsherpas.com\/de\/stornierungsbedingungen\/","og_locale":"de_DE","og_type":"article","og_title":"Stornierungsbedingungen","og_description":"M\u00fchelose Stornierung bei Spain Food Sherpas. Stornierung bis zu 7 Tage im Voraus mit vollst\u00e4ndiger R\u00fcckerstattung","og_url":"https:\/\/www.spainfoodsherpas.com\/de\/stornierungsbedingungen\/","og_site_name":"Spain Food Sherpas","article_publisher":"https:\/\/www.facebook.com\/spainfoodsherpas","article_modified_time":"2018-09-17T17:46:26+00:00","og_image":[{"width":526,"height":351,"url":"https:\/\/www.spainfoodsherpas.com\/sfs\/wp-content\/uploads\/2015\/08\/FOOD-MARKET-VISIT.jpg","type":"image\/jpeg"}],"twitter_card":"summary_large_image","twitter_misc":{"Gesch\u00e4tzte Lesezeit":"1 minute"},"schema":{"@context":"https:\/\/schema.org","@graph":[{"@type":"WebPage","@id":"https:\/\/www.spainfoodsherpas.com\/de\/stornierungsbedingungen\/","url":"https:\/\/www.spainfoodsherpas.com\/de\/stornierungsbedingungen\/","name":"Stornierungsbedingungen","isPartOf":{"@id":"https:\/\/www.spainfoodsherpas.com\/#website"},"datePublished":"2017-12-07T15:56:49+00:00","dateModified":"2018-09-17T17:46:26+00:00","description":"M\u00fchelose Stornierung bei Spain Food Sherpas. Stornierung bis zu 7 Tage im Voraus mit vollst\u00e4ndiger R\u00fcckerstattung","breadcrumb":{"@id":"https:\/\/www.spainfoodsherpas.com\/de\/stornierungsbedingungen\/#breadcrumb"},"inLanguage":"de-DE","potentialAction":[{"@type":"ReadAction","target":["https:\/\/www.spainfoodsherpas.com\/de\/stornierungsbedingungen\/"]}]},{"@type":"BreadcrumbList","@id":"https:\/\/www.spainfoodsherpas.com\/de\/stornierungsbedingungen\/#breadcrumb","itemListElement":[{"@type":"ListItem","position":1,"name":"Home","item":"https:\/\/www.spainfoodsherpas.com\/de\/"},{"@type":"ListItem","position":2,"name":"Stornierungsbedingungen"}]},{"@type":"WebSite","@id":"https:\/\/www.spainfoodsherpas.com\/#website","url":"https:\/\/www.spainfoodsherpas.com\/","name":"Spain Food Sherpas","description":"Food Travel Experiences","potentialAction":[{"@type":"SearchAction","target":{"@type":"EntryPoint","urlTemplate":"https:\/\/www.spainfoodsherpas.com\/?s={search_term_string}"},"query-input":{"@type":"PropertyValueSpecification","valueRequired":true,"valueName":"search_term_string"}}],"inLanguage":"de-DE"}]}},"_links":{"self":[{"href":"https:\/\/www.spainfoodsherpas.com\/de\/wp-json\/wp\/v2\/pages\/14070","targetHints":{"allow":["GET"]}}],"collection":[{"href":"https:\/\/www.spainfoodsherpas.com\/de\/wp-json\/wp\/v2\/pages"}],"about":[{"href":"https:\/\/www.spainfoodsherpas.com\/de\/wp-json\/wp\/v2\/types\/page"}],"author":[{"embeddable":true,"href":"https:\/\/www.spainfoodsherpas.com\/de\/wp-json\/wp\/v2\/users\/2"}],"replies":[{"embeddable":true,"href":"https:\/\/www.spainfoodsherpas.com\/de\/wp-json\/wp\/v2\/comments?post=14070"}],"version-history":[{"count":4,"href":"https:\/\/www.spainfoodsherpas.com\/de\/wp-json\/wp\/v2\/pages\/14070\/revisions"}],"predecessor-version":[{"id":16065,"href":"https:\/\/www.spainfoodsherpas.com\/de\/wp-json\/wp\/v2\/pages\/14070\/revisions\/16065"}],"wp:attachment":[{"href":"https:\/\/www.spainfoodsherpas.com\/de\/wp-json\/wp\/v2\/media?parent=14070"}],"curies":[{"name":"wp","href":"https:\/\/api.w.org\/{rel}","templated":true}]}}